{"id":1483,"date":"2020-07-10T10:45:19","date_gmt":"2020-07-10T10:45:19","guid":{"rendered":"https:\/\/dev.artemsemkin.com\/rhye\/wp\/?page_id=1483"},"modified":"2025-09-15T14:19:47","modified_gmt":"2025-09-15T11:19:47","slug":"aydinlatma-metni","status":"publish","type":"page","link":"https:\/\/guleks.com\/tr\/aydinlatma-metni\/","title":{"rendered":"Ayd\u0131nlatma Metni"},"content":{"rendered":"\t\t<div data-elementor-type=\"wp-page\" data-elementor-id=\"1483\" class=\"elementor elementor-1483\" data-elementor-post-type=\"page\">\n\t\t\t\t<div class=\"elementor-element elementor-element-02b3208 e-flex e-con-boxed e-con e-parent\" data-id=\"02b3208\" data-element_type=\"container\" data-settings=\"{&quot;ekit_has_onepagescroll_dot&quot;:&quot;yes&quot;}\">\n\t\t\t\t\t<div class=\"e-con-inner\">\n\t\t<div class=\"elementor-element elementor-element-786899f e-con-full e-flex e-con e-child\" data-id=\"786899f\" data-element_type=\"container\" data-settings=\"{&quot;ekit_has_onepagescroll_dot&quot;:&quot;yes&quot;}\">\n\t\t\t\t<div class=\"elementor-element elementor-element-ee7eb49 elementor-widget elementor-widget-text-editor\" data-id=\"ee7eb49\" data-element_type=\"widget\" data-settings=\"{&quot;ekit_we_effect_on&quot;:&quot;none&quot;}\" data-widget_type=\"text-editor.default\">\n\t\t\t\t<div class=\"elementor-widget-container\">\n\t\t\t<style>\/*! elementor - v3.22.0 - 26-06-2024 *\/\n.elementor-widget-text-editor.elementor-drop-cap-view-stacked .elementor-drop-cap{background-color:#69727d;color:#fff}.elementor-widget-text-editor.elementor-drop-cap-view-framed .elementor-drop-cap{color:#69727d;border:3px solid;background-color:transparent}.elementor-widget-text-editor:not(.elementor-drop-cap-view-default) .elementor-drop-cap{margin-top:8px}.elementor-widget-text-editor:not(.elementor-drop-cap-view-default) .elementor-drop-cap-letter{width:1em;height:1em}.elementor-widget-text-editor .elementor-drop-cap{float:left;text-align:center;line-height:1;font-size:50px}.elementor-widget-text-editor .elementor-drop-cap-letter{display:inline-block}<\/style>\t\t\t\t<p><strong>G\u00dcLEKS TEKST\u0130L VE ENERJ\u0130 \u00dcRET\u0130M SAN. T\u0130C. A.\u015e.<\/strong><\/p><p><strong>K\u0130\u015e\u0130SEL VER\u0130LER\u0130N KORUNMASI VE \u0130\u015eLENMES\u0130 AYDINLATMA METN\u0130<\/strong><\/p><p>De\u011ferli Ziyaret\u00e7imiz,,<\/p><p><strong>G\u00dcLEKS TEKST\u0130L VE ENERJ\u0130 \u00dcRET\u0130M SAN. T\u0130C. A.\u015e. <\/strong>Bundan sonra \u201c\u015eirket\u201d olarak an\u0131lacakt\u0131r.) olarak \u00f6zel hayat\u0131n gizlili\u011fine sayg\u0131 duyuyor ve \u00f6nem veriyoruz. Bu nedenle, sizleri 6698 say\u0131l\u0131 Ki\u015fisel Verilerin Korunmas\u0131 Kanunu (Bundan sonra \u201cKVKK\u201d olarak an\u0131lacakt\u0131r.) kapsam\u0131nda ki\u015fisel verilerinizin kullan\u0131m\u0131 ve korunmas\u0131 ile ilgili haklar\u0131n\u0131z konusunda bilgilendirmek istiyoruz.<\/p><ol><li><strong>a) Veri Sorumlusu <\/strong><\/li><\/ol><p><strong>G\u00dcLEKS TEKST\u0130L VE ENERJ\u0130 \u00dcRET\u0130M SAN. T\u0130C. A.\u015e. <\/strong>Bundan sonra \u201c\u015eirket\u201d olarak an\u0131lacakt\u0131r.) olarak ki\u015fisel verilerinizi, 6698 say\u0131l\u0131 Ki\u015fisel Verilerin Korunmas\u0131 Kanunu (Bundan sonra \u201cKVKK\u201d olarak an\u0131lacakt\u0131r.) ve ilgili sair mevzuat kapsam\u0131nda, veri sorumlusu s\u0131fat\u0131 ile i\u015fledi\u011fimizi taraf\u0131n\u0131za bildiriyoruz.<\/p><ol><li><strong>b) Ki\u015fisel Verilerin Hangi Ama\u00e7la \u0130\u015flenece\u011fi ve Hukuki Sebebi<\/strong><\/li><\/ol><p>Toplanan ki\u015fisel verileriniz,<\/p><ul><li>Sunulan \u00fcr\u00fcn ve hizmetlerden sizleri faydaland\u0131rmak i\u00e7in gerekli \u00e7al\u0131\u015fmalar\u0131n i\u015f birimlerimiz taraf\u0131ndan yap\u0131lmas\u0131 ve ilgili i\u015f s\u00fcre\u00e7lerinin y\u00fcr\u00fct\u00fclmesi;<\/li><li>\u00dcr\u00fcn ve hizmetlerin sat\u0131\u015f s\u00fcre\u00e7lerinin planlanmas\u0131 ve icras\u0131;<\/li><li>M\u00fc\u015fteri ili\u015fkileri y\u00f6netimi s\u00fcre\u00e7lerinin planlanmas\u0131 ve icras\u0131;<\/li><li>M\u00fc\u015fteri memnuniyetine y\u00f6nelik \u00e7al\u0131\u015fmalar\u0131n\u0131n y\u00fcr\u00fct\u00fclmesi;<\/li><li>S\u00f6zle\u015fme s\u00fcre\u00e7lerinin ve hukuki taleplerin takibi<\/li><li>\u0130leti\u015fim faaliyetlerinin y\u00fcr\u00fct\u00fclmesi<\/li><li>Faaliyetlerin mevzuata uygun y\u00fcr\u00fct\u00fclmesi<\/li><li>Finans ve muhasebe s\u00fcre\u00e7lerinin y\u00fcr\u00fct\u00fclmesi<\/li><li>Hukuki s\u00fcre\u00e7lerin y\u00fcr\u00fct\u00fclmesi<\/li><li>Yetkili ki\u015fi, kurum ve kurulu\u015flara bilgi verilmesi<\/li><li>Denetim \/ etik faaliyetlerinin y\u00fcr\u00fct\u00fclmesi<\/li><li>Lojistik faaliyetlerinin y\u00fcr\u00fct\u00fclmesi<\/li><li>Saklama ve ar\u015fiv faaliyetlerinin y\u00fcr\u00fct\u00fclmesi<\/li><li>Talep \/ \u015fikayetlerin takibi<\/li><\/ul><p>ama\u00e7lar\u0131yla KVKK\u2019n\u0131n 5 (2) maddesinde belirtilen \u201cc) Bir s\u00f6zle\u015fmenin kurulmas\u0131 veya ifas\u0131yla do\u011frudan do\u011fruya ilgili olmas\u0131 kayd\u0131yla, s\u00f6zle\u015fmenin taraflar\u0131na ait ki\u015fisel verilerin i\u015flenmesinin gerekli olmas\u0131\u201d, \u201c\u00e7) Veri sorumlusunun hukuki y\u00fck\u00fcml\u00fcl\u00fc\u011f\u00fcn\u00fcn yerine getirebilmesi i\u00e7in zorunlu olmas\u0131, e) Bir hakk\u0131n tesisi, kullan\u0131lmas\u0131 veya korunmas\u0131 i\u00e7in veri i\u015flemenin zorunlu olmas\u0131, \u201cf) \u0130lgili ki\u015finin temel hak ve \u00f6zg\u00fcrl\u00fcklerine zarar vermemek kayd\u0131yla, veri sorumlusunun me\u015fru menfaatleri i\u00e7in veri i\u015flenmesinin zorunlu olmas\u0131\u201d, hukuki sebepleri d\u00e2hilinde i\u015flenecektir.<\/p><p>Kimlik ve ileti\u015fim kategorisindeki ki\u015fisel verileriniz,<\/p><ul><li>Pazarlama Analiz \u00c7al\u0131\u015fmalar\u0131n\u0131n Y\u00fcr\u00fct\u00fclmesi<\/li><li>\u00dcr\u00fcn \/ Hizmetlerin Pazarlama S\u00fcre\u00e7lerinin Y\u00fcr\u00fct\u00fclmesi<\/li><\/ul><p>ama\u00e7lar\u0131yla a\u00e7\u0131k r\u0131zan\u0131za istinaden i\u015flenecektir.<\/p><ol><li><strong>c) Ki\u015fisel Verilerin Toplama Y\u00f6ntemi <\/strong><\/li><\/ol><p>Ki\u015fisel verileriniz, bu metnin (b) f\u0131kras\u0131ndaki ama\u00e7lar\u0131n yerine getirilebilmesi i\u00e7in KVKK\u2019n\u0131n 5 (2) ve 6. maddelerinde d\u00fczenlenen hukuki sebeplere dayanarak, otomatik veya otomatik olmayan y\u00f6ntemlerle bizzat taraf\u0131n\u0131zdan, i\u015f ortaklar\u0131m\u0131z veya tedarik\u00e7ilerimiz vas\u0131tas\u0131yla s\u00f6zl\u00fc, yaz\u0131l\u0131 veya elektronik ortamlarda elde edilecektir.<\/p><ol><li><strong>d) \u0130\u015flenen Ki\u015fisel Verilerin Kimlere ve Hangi Ama\u00e7la Aktar\u0131labilece\u011fi <\/strong><\/li><\/ol><p>Ki\u015fisel verileriniz, a\u015fa\u011f\u0131da belirtilen ama\u00e7lar ile KVKK\u2019n\u0131n 8 (2) (a) maddeleri uyar\u0131nca a\u00e7\u0131k r\u0131zan\u0131z aranmaks\u0131z\u0131n aktar\u0131lacakt\u0131r:<\/p><ul><li>\u00dcr\u00fcn ve hizmetlere dair \u00fccretlerin tahsilat\u0131 kapsam\u0131nda finans ve\/veya muhasebe i\u015flerinin y\u00fcr\u00fct\u00fclmesi amac\u0131yla, gerekmesi halinde noter, icra daireleri ve\/veya mahkemeler ile payla\u015f\u0131lacakt\u0131r.<\/li><li>\u0130lgili mevzuat uyar\u0131nca yasal y\u00fck\u00fcml\u00fcl\u00fcklerin yerine getirebilmesi amac\u0131yla, gerekmesi veya talep gelmesi halinde, ilgili kamu kurum ve kurulu\u015flar\u0131 ile payla\u015f\u0131lacakt\u0131r.<\/li><li>Hukuki s\u00fcre\u00e7lerin takip edilebilmesi amac\u0131yla avukatlar\u0131m\u0131z ile s\u0131r saklama y\u00fck\u00fcml\u00fcl\u00fc\u011f\u00fc \u00e7er\u00e7evesinde gerekti\u011fi kadar payla\u015f\u0131lacakt\u0131r.<\/li><\/ul><ul><li>Denetim s\u00fcrecinde ilgili ki\u015fisel verileriniz Denetim Firmalar\u0131 ile payla\u015f\u0131lacakt\u0131r.<\/li><\/ul><ul><li>Sunulan \u00fcr\u00fcn ve hizmetlerden sizleri faydaland\u0131rmak i\u00e7in gerekli \u00e7al\u0131\u015fmalar\u0131n i\u015f birimlerimiz taraf\u0131ndan yap\u0131lmas\u0131 ve ilgili i\u015f s\u00fcre\u00e7lerinin y\u00fcr\u00fct\u00fclmesi amac\u0131yla, ama\u00e7la s\u0131n\u0131rl\u0131 olmak kayd\u0131yla tedarik\u00e7ilerimiz ile payla\u015f\u0131lacakt\u0131r.<\/li><\/ul><ol start=\"11\"><li><strong>e) KVKK\u2019n\u0131n 11. Maddesi Kapsam\u0131ndaki Haklar\u0131n\u0131z <\/strong><\/li><\/ol><p>Ki\u015fisel veri sahibi olarak Kanun\u2019un 11. maddesi uyar\u0131nca a\u015fa\u011f\u0131daki haklara sahip oldu\u011funuzu bildiririz:<\/p><ul><li>Ki\u015fisel verilerinizin i\u015flenip i\u015flenmedi\u011fini \u00f6\u011frenme,<\/li><li>Ki\u015fisel verileriniz i\u015flenmi\u015fse, buna ili\u015fkin bilgi talep etme,<\/li><li>Ki\u015fisel verilerinizin i\u015flenme amac\u0131n\u0131 ve ki\u015fisel verilerinizin i\u015flenme amac\u0131na uygun kullan\u0131l\u0131p kullan\u0131lmad\u0131\u011f\u0131n\u0131 \u00f6\u011frenme,<\/li><li>Yurt i\u00e7inde veya yurt d\u0131\u015f\u0131nda ki\u015fisel verilerinizin aktar\u0131ld\u0131\u011f\u0131 \u00fc\u00e7\u00fcnc\u00fc ki\u015fileri bilme,<\/li><li>Ki\u015fisel verilerinizin eksik veya yanl\u0131\u015f i\u015flenmi\u015f olmas\u0131 halinde bunlar\u0131n d\u00fczeltilmesini talep etme,<\/li><li>\u0130lgili mevzuatta \u00f6ng\u00f6r\u00fclen \u015fartlar \u00e7er\u00e7evesinde ki\u015fisel verilerinizin silinmesini veya yok edilmesini isteme,<\/li><li>\u0130lgili mevzuat uyar\u0131nca yap\u0131lan d\u00fczeltme, silme ve yok edilme i\u015flemlerinin, ki\u015fisel verilerinizin payla\u015f\u0131ld\u0131\u011f\u0131 \u00fc\u00e7\u00fcnc\u00fc ki\u015filere bildirilmesini isteme,<\/li><li>\u0130\u015flenen ki\u015fisel verilerinizin m\u00fcnhas\u0131ran otomatik sistemler vas\u0131tas\u0131yla analiz edilmesi suretiyle sizin aleyhinize bir sonucun ortaya \u00e7\u0131kmas\u0131na itiraz etme,<\/li><li>Ki\u015fisel verilerinizin kanuna ayk\u0131r\u0131 olarak i\u015flenmesi sebebiyle zarara u\u011framan\u0131z halinde, zarar\u0131n giderilmesini talep etmek.<\/li><\/ul><p>KVKK\u2019n\u0131n 11. maddesi kapsam\u0131ndaki bu haklar\u0131n\u0131z ile ilgili taleplerinizi \u0130lgili Ki\u015fi Ba\u015fvuru Formu\u2019nda belirtilen b\u00fct\u00fcn bilgileri doldurmak suretiyle KVKK\u2019n\u0131n 11. maddesi ile 13. maddesinin 1. f\u0131kras\u0131 ve Veri Sorumlusuna Ba\u015fvuru Usul ve Esaslar\u0131 Hakk\u0131nda Tebli\u011f gere\u011fince,<\/p><ul><li>\u201c[Adres belirtiniz.]\u201d adresindeki \u015eirketimize bizzat gelerek,<\/li><li><a href=\"mailto:gulekstekstil@hs03.kep.tr\">gulekstekstil@hs03.kep.tr<\/a> \u015feklindeki kay\u0131tl\u0131 elektronik posta (KEP) adresimiz \u00fczerinden,<\/li><li>kimli\u011finizi tespit edebilmek ve yanl\u0131\u015f ki\u015filere bilgi vermemek ad\u0131na yaz\u0131l\u0131 olarak noter arac\u0131l\u0131\u011f\u0131 ile veya iadeli taahh\u00fctl\u00fc mektup ile,<\/li><li>g\u00fcvenli elektronik imza, mobil imza ya da (varsa) taraf\u0131n\u0131zca daha \u015eirketimize bildirilen ve sistemlerimizde kay\u0131tl\u0131 bulunan elektronik posta adresini kullanmak suretiyle kvkk@guleks.com adresine elektronik posta g\u00f6ndererek<\/li><\/ul><p>veya gelecekte Kurul\u2019un belirleyece\u011fi di\u011fer y\u00f6ntemlerle iletebilirsiniz.<\/p><ol><li><strong>g) De\u011fi\u015fiklik ve G\u00fcncellemeler<\/strong><\/li><\/ol><p>\u0130\u015f bu ayd\u0131nlatma metni, 6698 say\u0131l\u0131 Ki\u015fisel Verilerin Korunmas\u0131 Kanunu ve ilgili sair mevzuat kapsam\u0131nda haz\u0131rlanm\u0131\u015ft\u0131r. \u0130lgili yasal mevzuat ve\/veya \u015eirket\u2019\u0130n ki\u015fisel veri i\u015fleme ama\u00e7 ve politikalar\u0131nda meydana gelecek de\u011fi\u015fiklikler do\u011frultusunda bahse konu ayd\u0131nlatma metninde gerekli de\u011fi\u015fiklikler yap\u0131labilir.<\/p><p><strong>M\u00dc\u015eTER\u0130 A\u00c7IK RIZA METN\u0130 VE T\u0130CAR\u0130 \u0130LET\u0130\u015e\u0130M \u0130Z\u0130N FORMU <\/strong><\/p><p><u>M\u00fc\u015fteri Ayd\u0131nlatma Metni kapsam\u0131nda <\/u>ki\u015fisel verilerinizin G\u00dcLEKS TEKST\u0130L hizmetlerine y\u00f6nelik kampanya ve yenilikler hakk\u0131nda sizleri bilgilendirmek amac\u0131yla i\u015flenmesini kabul ediyor musunuz?<\/p><p>Evet \/ Hay\u0131r<\/p><p>E-posta ile bilgilendirilmeye izin veriyorum.<\/p><p>Evet \/ Hay\u0131r<\/p>\t\t\t\t\t\t<\/div>\n\t\t\t\t<\/div>\n\t\t\t\t<\/div>\n\t\t\t\t\t<\/div>\n\t\t\t\t<\/div>\n\t\t\t\t<\/div>\n\t\t","protected":false},"excerpt":{"rendered":"<p>G\u00dcLEKS TEKST\u0130L VE ENERJ\u0130 \u00dcRET\u0130M SAN. T\u0130C. A.\u015e. K\u0130\u015e\u0130SEL VER\u0130LER\u0130N KORUNMASI VE \u0130\u015eLENMES\u0130 AYDINLATMA METN\u0130 De\u011ferli Ziyaret\u00e7imiz,, G\u00dcLEKS TEKST\u0130L VE ENERJ\u0130 \u00dcRET\u0130M SAN. T\u0130C. A.\u015e. Bundan sonra \u201c\u015eirket\u201d olarak an\u0131lacakt\u0131r.) olarak \u00f6zel hayat\u0131n gizlili\u011fine sayg\u0131 duyuyor ve \u00f6nem veriyoruz. Bu nedenle, sizleri 6698 say\u0131l\u0131 Ki\u015fisel Verilerin Korunmas\u0131 Kanunu (Bundan sonra \u201cKVKK\u201d olarak an\u0131lacakt\u0131r.) kapsam\u0131nda ki\u015fisel [&hellip;]<\/p>\n","protected":false},"author":1,"featured_media":0,"parent":0,"menu_order":0,"comment_status":"closed","ping_status":"closed","template":"","meta":{"_acf_changed":false,"footnotes":""},"class_list":["post-1483","page","type-page","status-publish","hentry"],"acf":[],"_links":{"self":[{"href":"https:\/\/guleks.com\/tr\/wp-json\/wp\/v2\/pages\/1483","targetHints":{"allow":["GET"]}}],"collection":[{"href":"https:\/\/guleks.com\/tr\/wp-json\/wp\/v2\/pages"}],"about":[{"href":"https:\/\/guleks.com\/tr\/wp-json\/wp\/v2\/types\/page"}],"author":[{"embeddable":true,"href":"https:\/\/guleks.com\/tr\/wp-json\/wp\/v2\/users\/1"}],"replies":[{"embeddable":true,"href":"https:\/\/guleks.com\/tr\/wp-json\/wp\/v2\/comments?post=1483"}],"version-history":[{"count":18,"href":"https:\/\/guleks.com\/tr\/wp-json\/wp\/v2\/pages\/1483\/revisions"}],"predecessor-version":[{"id":4498,"href":"https:\/\/guleks.com\/tr\/wp-json\/wp\/v2\/pages\/1483\/revisions\/4498"}],"wp:attachment":[{"href":"https:\/\/guleks.com\/tr\/wp-json\/wp\/v2\/media?parent=1483"}],"curies":[{"name":"wp","href":"https:\/\/api.w.org\/{rel}","templated":true}]}}