{"id":4542,"date":"2025-09-15T16:25:43","date_gmt":"2025-09-15T13:25:43","guid":{"rendered":"https:\/\/guleks.com\/?page_id=4542"},"modified":"2025-09-15T16:29:21","modified_gmt":"2025-09-15T13:29:21","slug":"ilgili-kisi-basvuru-formu","status":"publish","type":"page","link":"https:\/\/guleks.com\/tr\/ilgili-kisi-basvuru-formu\/","title":{"rendered":"\u0130lgili Ki\u015fi Ba\u015fvuru Formu"},"content":{"rendered":"\t\t<div data-elementor-type=\"wp-page\" data-elementor-id=\"4542\" class=\"elementor elementor-4542\" data-elementor-post-type=\"page\">\n\t\t\t\t<div class=\"elementor-element elementor-element-1aa223f e-flex e-con-boxed e-con e-parent\" data-id=\"1aa223f\" data-element_type=\"container\" data-settings=\"{&quot;ekit_has_onepagescroll_dot&quot;:&quot;yes&quot;}\">\n\t\t\t\t\t<div class=\"e-con-inner\">\n\t\t<div class=\"elementor-element elementor-element-8a0b82f e-con-full e-flex e-con e-child\" data-id=\"8a0b82f\" data-element_type=\"container\" data-settings=\"{&quot;ekit_has_onepagescroll_dot&quot;:&quot;yes&quot;}\">\n\t\t\t\t<div class=\"elementor-element elementor-element-8ee79e1 elementor-widget elementor-widget-text-editor\" data-id=\"8ee79e1\" data-element_type=\"widget\" data-settings=\"{&quot;ekit_we_effect_on&quot;:&quot;none&quot;}\" data-widget_type=\"text-editor.default\">\n\t\t\t\t<div class=\"elementor-widget-container\">\n\t\t\t<style>\/*! elementor - v3.22.0 - 26-06-2024 *\/\n.elementor-widget-text-editor.elementor-drop-cap-view-stacked .elementor-drop-cap{background-color:#69727d;color:#fff}.elementor-widget-text-editor.elementor-drop-cap-view-framed .elementor-drop-cap{color:#69727d;border:3px solid;background-color:transparent}.elementor-widget-text-editor:not(.elementor-drop-cap-view-default) .elementor-drop-cap{margin-top:8px}.elementor-widget-text-editor:not(.elementor-drop-cap-view-default) .elementor-drop-cap-letter{width:1em;height:1em}.elementor-widget-text-editor .elementor-drop-cap{float:left;text-align:center;line-height:1;font-size:50px}.elementor-widget-text-editor .elementor-drop-cap-letter{display:inline-block}<\/style>\t\t\t\t<p><strong>\u00a0<\/strong><\/p><p><strong>G\u00dcLEKS TEKST\u0130L VE ENERJ\u0130 \u00dcRET\u0130M SAN. T\u0130C. A.\u015e. (\u201cG\u00dcLEKS TEKST\u0130L\u201d)<\/strong><\/p><p><strong>6698 SAYILI K\u0130\u015e\u0130SEL VER\u0130LER\u0130N KORUNMASI KANUNU KAPSAMINDA<\/strong><\/p><p><strong>\u0130LG\u0130L\u0130 K\u0130\u015e\u0130 BA\u015eVURU FORMU<\/strong><\/p><p><strong>\u00a0<\/strong><\/p><p><strong>6698 say\u0131l\u0131 Ki\u015fisel Verilerin Korunmas\u0131 Kanunu<\/strong>\u2019nda (\u201c<strong>KVKK<\/strong>\u201d olarak an\u0131lacakt\u0131r.) \u201cilgili ki\u015fi\u201d olarak tan\u0131mlanan ki\u015fisel veri sahiplerine (\u201c<strong>Ba\u015fvuru Sahibi<\/strong>\u201d olarak an\u0131lacakt\u0131r.), KVKK\u2019n\u0131n 11. maddesi kapsam\u0131nda a\u015fa\u011f\u0131daki haklar tan\u0131nm\u0131\u015ft\u0131r:<\/p><ul><li>Ki\u015fisel verilerinizin i\u015flenip i\u015flenmedi\u011fini \u00f6\u011frenme,<\/li><li>Ki\u015fisel verileriniz i\u015flenmi\u015fse buna ili\u015fkin bilgi talep etme,<\/li><li>Ki\u015fisel verilerinizin i\u015flenme amac\u0131n\u0131 ve bunlar\u0131n amac\u0131na uygun kullan\u0131l\u0131p kullan\u0131lmad\u0131\u011f\u0131n\u0131 \u00f6\u011frenme,<\/li><li>Yurt i\u00e7inde veya yurt d\u0131\u015f\u0131nda ki\u015fisel verilerinizin aktar\u0131ld\u0131\u011f\u0131 \u00fc\u00e7\u00fcnc\u00fc ki\u015fileri bilme,<\/li><li>Ki\u015fisel verilerinizin eksik veya yanl\u0131\u015f i\u015flenmi\u015f olmas\u0131 h\u00e2linde bunlar\u0131n d\u00fczeltilmesini isteme ve bu kapsamda yap\u0131lan i\u015flemin ki\u015fisel verilerinizin aktar\u0131ld\u0131\u011f\u0131 \u00fc\u00e7\u00fcnc\u00fc ki\u015filere bildirilmesini isteme,<\/li><li>KVKK ile ilgili di\u011fer kanun ve sair mevzuat h\u00fck\u00fcmlerine uygun olarak i\u015flenmi\u015f olmas\u0131na ra\u011fmen, i\u015flenmesini gerektiren sebeplerin ortadan kalkmas\u0131 h\u00e2linde, ki\u015fisel verilerinizin silinmesini veya yok edilmesini isteme ve bu kapsamda yap\u0131lan i\u015flemin ki\u015fisel verilerinizin aktar\u0131ld\u0131\u011f\u0131 \u00fc\u00e7\u00fcnc\u00fc ki\u015filere bildirilmesini isteme,<\/li><li>\u0130\u015flenen verilerin m\u00fcnhas\u0131ran otomatik sistemler vas\u0131tas\u0131yla analiz edilmesi suretiyle \u015fahs\u0131n\u0131z aleyhine bir sonucun ortaya \u00e7\u0131kmas\u0131na itiraz etme,<\/li><li>Ki\u015fisel verilerinizin kanuna ayk\u0131r\u0131 olarak i\u015flenmesi sebebiyle zarara u\u011framan\u0131z h\u00e2linde zarar\u0131n giderilmesini talep etme.<\/li><\/ul><p>KVKK\u2019n\u0131n 13. maddesinin 1. f\u0131kras\u0131 ile <strong>Veri Sorumlusuna Ba\u015fvuru Usul ve Esaslar\u0131 Hakk\u0131nda Tebli\u011f<\/strong> uyar\u0131nca, \u015eirketimize bu haklara ili\u015fkin olarak yap\u0131lacak ba\u015fvurular\u0131n yaz\u0131l\u0131 olarak, G\u00dcLEKS TEKST\u0130L kay\u0131t sisteminde yer alan e-posta adreslerinizden ya da bireysel KEP adreslerinden G\u00dcLEKS\u00a0 TEKST\u0130L\u2019in kurumsal e-posta <a href=\"mailto:kvkk@gulekstekstil.com\">kvkk@gulekstekstil.com<\/a> ya da KEP adreslerine g\u00f6nderilmesiyle veya<strong> Ki\u015fisel Verileri Koruma Kurulu<\/strong> (\u201c<strong>Kurul<\/strong>\u201d olarak an\u0131lacakt\u0131r.) taraf\u0131ndan gelecekte belirlenecek di\u011fer y\u00f6ntemlerle iletilmesi gerekmektedir.<\/p><p>Ba\u015fvurularda <strong>Veri Sorumlusuna Ba\u015fvuru Usul ve Esaslar\u0131 Hakk\u0131nda Tebli\u011f\u2019in<\/strong> 5\/2\u2019nci maddesi gere\u011fince asgari olarak:<\/p><p>.\u00a0\u00a0\u00a0\u00a0\u00a0\u00a0\u00a0\u00a0\u00a0\u00a0\u00a0\u00a0\u00a0 Ba\u015fvuran\u0131n ad\u0131 soyad\u0131 (ve yaz\u0131l\u0131 ba\u015fvurularda imzas\u0131),<\/p><p>.\u00a0\u00a0\u00a0\u00a0\u00a0\u00a0\u00a0\u00a0\u00a0\u00a0\u00a0\u00a0\u00a0 Kimlik numaras\u0131,<\/p><p>.\u00a0\u00a0\u00a0\u00a0\u00a0\u00a0\u00a0\u00a0\u00a0\u00a0\u00a0\u00a0\u00a0 Yaz\u0131\u015fma adresi,<\/p><p>.\u00a0\u00a0\u00a0\u00a0\u00a0\u00a0\u00a0\u00a0\u00a0\u00a0\u00a0\u00a0\u00a0 Yaz\u0131\u015fma adresi yerine ileti\u015fim \u00f6nceli\u011fi ba\u015fka ise bu \u00f6nceli\u011fe ili\u015fkin e-posta adresi veya telefon numaras\u0131 ve<\/p><p>.\u00a0\u00a0\u00a0\u00a0\u00a0\u00a0\u00a0\u00a0\u00a0\u00a0\u00a0\u00a0\u00a0 Talep konusunun<\/p><p>belirtilmesi gereklidir.<\/p><p>\u00a0<\/p><p>\u00a0<\/p><p>\u00a0<\/p><p>\u00a0<\/p><p>\u00a0<\/p><p>\u00a0<\/p><p>\u00a0<\/p><table><tbody><tr><td><strong>Ba\u015fvuru Y\u00f6ntemi<\/strong><\/td><td><strong>Ba<\/strong>\u015f<strong>vurunun Yap\u0131laca<\/strong><strong>\u011f<\/strong><strong>\u0131 Adres<\/strong><\/td><td><strong>Ba<\/strong><strong>\u015f<\/strong><strong>vuru G\u00f6nderiminde Belirtilecek Bilgi<\/strong><\/td><\/tr><tr><td><p>\u015eahsen ba\u015fvuru (Ba\u015fvuru Sahibinin ba\u015fvuru adresine bizzat gelerek kimli\u011fini tevsik edici belge ile ba\u015fvurmas\u0131)<\/p><p>\u00a0<\/p><\/td><td><p>[Cihangir mah.Petrol Ofisi Dolum Tesisi yolu No:10-2 Avc\u0131lar-\u0130st.<\/p><p><strong>G\u00dcLEKS TEKST\u0130L VE ENERJ\u0130 \u00dcRET\u0130M SAN. T\u0130C. A.\u015e. <\/strong><\/p><p>\u00a0<\/p><\/td><td>Zarf\u0131n \u00fczerine<u> \u201cKi\u015fisel Verilerin Korunmas\u0131 Kanunu Kapsam\u0131nda Bilgi Talebi\u201d<\/u> yaz\u0131lacakt\u0131r.<\/td><\/tr><tr><td>Noter arac\u0131l\u0131\u011f\u0131 ile tebligat<\/td><td><p>Cihangir mah.Petrol Ofisi Dolum Tesisi yolu No:10-2 Avc\u0131lar-\u0130st.<\/p><p><strong>G\u00dcLEKS TEKST\u0130L VE ENERJ\u0130 \u00dcRET\u0130M SAN. T\u0130C. A.\u015e. <\/strong><\/p><\/td><td>Tebligat zarf\u0131na <u>\u201cKi\u015fisel Verilerin Korunmas\u0131 Kanunu Kapsam\u0131nda Bilgi Talebi\u201d<\/u> yaz\u0131lacakt\u0131r.<\/td><\/tr><tr><td>G\u00dcLEKS TEKST\u0130L kay\u0131t sisteminde yer alan e-posta adreslerinizden ya da bireysel KEP adreslerinden G\u00dcLEKS TEKST\u0130L\u2019in kurumsal e-postaadresine <a href=\"mailto:info@guleks.com\">info@guleks.com<\/a> adresi belirtiniz.] ya da KEP adreslerine g\u00f6nderilmesiyle<\/td><td><p><u>[KEP \u00a0<\/u><\/p><p><a href=\"mailto:gulekstekstil@hs03.kep.tr\">gulekstekstil@hs03.kep.tr<\/a><\/p><p><u>[Kurumsal\u00a0 mail adresi] <\/u><a href=\"mailto:info@guleks.com\">info@guleks.com<\/a><\/p><\/td><td>E-posta iletisinin konu k\u0131sm\u0131na <u>\u201cKi\u015fisel Verilerin Korunmas\u0131 Kanunu Kapsam\u0131nda Bilgi Talebi\u201d<\/u> yaz\u0131lacakt\u0131r.<\/td><\/tr><\/tbody><\/table><p>A\u015fa\u011f\u0131da, yaz\u0131l\u0131 ba\u015fvurular\u0131n ne \u015fekilde taraf\u0131m\u0131za ula\u015ft\u0131r\u0131laca\u011f\u0131na ili\u015fkin yaz\u0131l\u0131 ba\u015fvuru kanallar\u0131 \u00f6zelinde bilgiler verilmektedir:<\/p><p>Taraf\u0131m\u0131za iletilmi\u015f olan ba\u015fvurular\u0131n\u0131z KVKK\u2019n\u0131n 13. maddesinin 2. f\u0131kras\u0131 gere\u011fince, talebin niteli\u011fine g\u00f6re talebinizin bizlere ula\u015ft\u0131\u011f\u0131 tarihten itibaren otuz g\u00fcn i\u00e7inde yan\u0131tlanacakt\u0131r. Yan\u0131tlar\u0131m\u0131z KVKK\u2019n\u0131n 13. maddesi h\u00fckm\u00fc gere\u011fince yaz\u0131l\u0131 olarak veya elektronik ortamdan taraf\u0131n\u0131za ula\u015ft\u0131r\u0131lacakt\u0131r.<\/p><ol><li><strong>Ba\u015fvuru Sahibi \u0130leti\u015fim Bilgileri<\/strong><\/li><\/ol><table><tbody><tr><td><strong>Ad <\/strong><\/td><td>\u00a0<\/td><td>:<\/td><td>\u00a0<\/td><\/tr><tr><td><p><strong>Soyad<\/strong><\/p><p>\u00a0<\/p><\/td><td>\u00a0<\/td><td>:<\/td><td>\u00a0<\/td><\/tr><tr><td><strong>TC Kimlik Numaras\u0131<\/strong><\/td><td>\u00a0<\/td><td>:<\/td><td>\u00a0<\/td><\/tr><tr><td><p><strong>Yaz\u0131\u015fma Adresi<\/strong><\/p><p>\u00a0<\/p><\/td><td>\u00a0<\/td><td>:<\/td><td>\u00a0<\/td><\/tr><tr><td><strong>Yaz\u0131\u015fma adresi yerine ileti\u015fim \u00f6nceli\u011fi ba\u015fka ise bu \u00f6nceli\u011fe ili\u015fkin e-posta adresi veya telefon numaras\u0131<\/strong><\/td><td><p>\u00a0<\/p><p>\u00a0<\/p><p>\u00a0<\/p><p>\u00a0<\/p><\/td><td><p>\u00a0<\/p><p>\u00a0<\/p><p>:<\/p><\/td><td>\u00a0<\/td><\/tr><\/tbody><\/table><p>\u00a0<\/p><p>\u00a0<\/p><p>\u00a0<\/p><ol><li><strong>L\u00fctfen \u015eirketimiz ile olan ili<\/strong>\u015f<strong>kinizi belirtiniz.<\/strong><\/li><\/ol><table><tbody><tr><td><p>\u25a1\u00a0 \u00c7al\u0131\u015fan Aday\u0131<\/p><p>\u25a1\u00a0 Mevcut \u00c7al\u0131\u015fan<\/p><p>\u25a1\u00a0 Eski \u00c7al\u0131\u015fan<\/p><p>\u00a0<\/p><\/td><td><p>\u25a1\u00a0 \u0130\u015f Orta\u011f\u0131 (Bayi, Tedarik\u00e7i vb.)<\/p><p>\u25a1\u00a0 M\u00fc\u015fteri<\/p><p>\u25a1 \u00a0Di\u011fer: \u2026\u2026\u2026\u2026\u2026\u2026\u2026\u2026\u2026\u2026\u2026\u2026\u2026\u2026\u2026.<\/p><\/td><\/tr><tr><td colspan=\"2\"><p>\u015eirketimiz ile ileti\u015fimde oldu\u011funuz Departman \/ Birim: \u2026&#8230;&#8230;&#8230;&#8230;&#8230;&#8230;&#8230;&#8230;&#8230;&#8230;&#8230;&#8230;&#8230;&#8230;&#8230;&#8230;&#8230;&#8230;&#8230;&#8230;&#8230;&#8230;&#8230;&#8230;<\/p><p>\u00a0<\/p><\/td><\/tr><tr><td colspan=\"2\"><p>\u0130leti\u015fim Konusu: &#8230;&#8230;&#8230;&#8230;&#8230;&#8230;&#8230;&#8230;&#8230;&#8230;&#8230;&#8230;&#8230;&#8230;&#8230;&#8230;&#8230;&#8230;&#8230;&#8230;&#8230;&#8230;&#8230;&#8230;&#8230;&#8230;&#8230;&#8230;&#8230;&#8230;&#8230;&#8230;&#8230;&#8230;&#8230;&#8230;&#8230;&#8230;&#8230;&#8230;&#8230;&#8230;&#8230;&#8230;&#8230;&#8230;&#8230;&#8230;&#8230;&#8230;&#8230;&#8230;&#8230;&#8230;<\/p><p>\u00a0<\/p><p>\u00a0<\/p><p>\u00a0<\/p><\/td><\/tr><\/tbody><\/table><p>\u00a0<\/p><table><tbody><tr><td><p>\u25a1\u00a0 Eski \u00c7al\u0131\u015fan\u0131m<\/p><p>L\u00fctfen \u015eirketimizde \u00e7al\u0131\u015ft\u0131\u011f\u0131n\u0131z y\u0131llar\u0131 belirtiniz:<\/p><p>&#8230;&#8230;&#8230;&#8230;&#8230;&#8230;&#8230;&#8230;&#8230;&#8230;&#8230;&#8230;&#8230;&#8230;&#8230;&#8230;&#8230;&#8230;&#8230;&#8230;&#8230;&#8230;&#8230;&#8230;&#8230;&#8230;<\/p><p>\u00a0<\/p><\/td><td><p>\u25a1\u00a0 \u00c7al\u0131\u015fan Aday\u0131y\u0131m (\u0130\u015f Ba\u015fvurusu Yapt\u0131m)<\/p><p>L\u00fctfen \u015eirketimize ba\u015fvuru yapt\u0131\u011f\u0131n\u0131z tarihi belirtiniz:<\/p><p>&#8230;&#8230;&#8230;&#8230;&#8230;&#8230;&#8230;&#8230;&#8230;&#8230;&#8230;&#8230;&#8230;&#8230;&#8230;&#8230;&#8230;&#8230;&#8230;&#8230;&#8230;&#8230;&#8230;&#8230;&#8230;<\/p><\/td><\/tr><tr><td><p>\u25a1\u00a0\u00a0 M\u00fc\u015fteriyim<\/p><p>L\u00fctfen al\u0131\u015fveri\u015f tarihinizi ve ilgili bayimizi belirtiniz:<\/p><p>&#8230;&#8230;&#8230;&#8230;&#8230;&#8230;&#8230;&#8230;&#8230;&#8230;&#8230;&#8230;&#8230;&#8230;&#8230;&#8230;&#8230;&#8230;&#8230;&#8230;&#8230;&#8230;&#8230;&#8230;&#8230;<\/p><\/td><td><p>\u25a1\u00a0\u00a0 \u00dc\u00e7\u00fcnc\u00fc Ki\u015fi Firma \u00c7al\u0131\u015fan\u0131y\u0131m<\/p><p>L\u00fctfen \u00e7al\u0131\u015ft\u0131\u011f\u0131n\u0131z firmay\u0131 ve pozisyon bilgisini belirtiniz.<\/p><p>&#8230;&#8230;&#8230;&#8230;&#8230;&#8230;&#8230;&#8230;&#8230;&#8230;&#8230;&#8230;&#8230;&#8230;&#8230;&#8230;&#8230;&#8230;&#8230;&#8230;&#8230;&#8230;&#8230;&#8230;&#8230;<\/p><p>\u00a0<\/p><\/td><\/tr><tr><td colspan=\"2\"><p>\u25a1\u00a0\u00a0 Di\u011fer:<\/p><p>&#8230;&#8230;&#8230;&#8230;&#8230;&#8230;&#8230;&#8230;&#8230;&#8230;&#8230;&#8230;&#8230;&#8230;&#8230;&#8230;&#8230;&#8230;&#8230;&#8230;&#8230;&#8230;&#8230;&#8230;&#8230;&#8230;&#8230;&#8230;&#8230;&#8230;&#8230;&#8230;&#8230;&#8230;&#8230;&#8230;&#8230;&#8230;&#8230;&#8230;&#8230;&#8230;&#8230;&#8230;&#8230;&#8230;&#8230;&#8230;&#8230;&#8230;.<\/p><p>\u00a0<\/p><\/td><\/tr><\/tbody><\/table><p>\u00a0<\/p><p><strong>\u00a0<\/strong><\/p><ol><li><strong>L\u00fctfen KVKK kapsam\u0131ndaki talebinizi detayl\u0131 olarak belirtiniz.<\/strong><\/li><\/ol><p>\u2026\u2026\u2026\u2026\u2026\u2026\u2026\u2026\u2026\u2026\u2026\u2026\u2026\u2026\u2026\u2026\u2026\u2026\u2026\u2026\u2026\u2026\u2026\u2026\u2026\u2026\u2026\u2026\u2026\u2026\u2026\u2026\u2026\u2026\u2026\u2026&#8230;&#8230;&#8230;&#8230;&#8230;&#8230;&#8230;&#8230;&#8230;&#8230;&#8230;&#8230;&#8230;&#8230;&#8230;&#8230;&#8230;&#8230;&#8230;&#8230;&#8230;&#8230;&#8230;&#8230;&#8230;&#8230;&#8230;&#8230;&#8230;&#8230;&#8230;&#8230;&#8230;&#8230;&#8230;&#8230;&#8230;&#8230;&#8230;&#8230;&#8230;&#8230;&#8230;&#8230;&#8230;&#8230;&#8230;&#8230;&#8230;&#8230;&#8230;&#8230;&#8230;&#8230;&#8230;&#8230;&#8230;&#8230;&#8230;&#8230;&#8230;&#8230;&#8230;&#8230;&#8230;&#8230;&#8230;&#8230;&#8230;&#8230;&#8230;&#8230;&#8230;&#8230;&#8230;&#8230;&#8230;&#8230;&#8230;&#8230;&#8230;&#8230;&#8230;&#8230;&#8230;&#8230;&#8230;&#8230;&#8230;&#8230;&#8230;&#8230;&#8230;&#8230;&#8230;&#8230;&#8230;&#8230;&#8230;&#8230;&#8230;&#8230;&#8230;&#8230;&#8230;&#8230;&#8230;&#8230;&#8230;&#8230;&#8230;&#8230;&#8230;&#8230;&#8230;&#8230;&#8230;&#8230;&#8230;&#8230;&#8230;&#8230;&#8230;&#8230;&#8230;&#8230;&#8230;&#8230;&#8230;&#8230;&#8230;&#8230;&#8230;&#8230;&#8230;&#8230;&#8230;&#8230;&#8230;&#8230;&#8230;&#8230;&#8230;&#8230;&#8230;&#8230;&#8230;&#8230;&#8230;&#8230;&#8230;&#8230;&#8230;&#8230;&#8230;&#8230;&#8230;&#8230;&#8230;&#8230;&#8230;&#8230;&#8230;&#8230;&#8230;&#8230;&#8230;&#8230;&#8230;&#8230;&#8230;&#8230;&#8230;&#8230;&#8230;&#8230;&#8230;&#8230;&#8230;&#8230;&#8230;&#8230;&#8230;&#8230;&#8230;&#8230;&#8230;&#8230;&#8230;&#8230;&#8230;&#8230;&#8230;&#8230;&#8230;&#8230;&#8230;&#8230;&#8230;&#8230;&#8230;&#8230;&#8230;&#8230;&#8230;&#8230;&#8230;&#8230;&#8230;&#8230;&#8230;&#8230;&#8230;&#8230;&#8230;&#8230;&#8230;..<\/p><p><strong>\u00a0<\/strong><\/p><ol><li><strong>L\u00fctfen ba\u015fvurunuza verece\u011fimiz yan\u0131t\u0131n taraf\u0131n\u0131za bildirilme y\u00f6ntemini se\u00e7iniz:<\/strong><\/li><\/ol><p><strong>\u00a0<\/strong><\/p><ul><li>Adresime g\u00f6nderilmesini istiyorum.<\/li><li>Elden teslim almak istiyorum.<\/li><li>Formu g\u00f6nderdi\u011fim ve sisteminizde kay\u0131tl\u0131 olan e-posta adresime cevap verilmesini istiyorum.<\/li><li>\u0130leti\u015fim \u00f6nceli\u011fim olan e-posta adresine cevap verilmesini istiyorum.<\/li><\/ul><p>\u00a0<\/p><p>(Vek\u00e2leten teslim al\u0131nmas\u0131 durumunda noter tasdikli vek\u00e2letnamenin veya yetki belgesinin mevcut olmas\u0131 ve i\u015fbu Ba\u015fvuru Formuna eklenmesi gerekmektedir.)<\/p><p>\u0130\u015fbu Ba\u015fvuru Formu, \u015eirketimiz ile olan ili\u015fkinizi tespit ederek, varsa \u015eirketimiz taraf\u0131ndan i\u015flenen ki\u015fisel verilerinizi eksiksiz olarak belirleyerek, ilgili ba\u015fvurunuza do\u011fru ve kanuni s\u00fcresi i\u00e7erisinde cevap verilebilmesi i\u00e7in tanzim edilmi\u015ftir. Hukuka ayk\u0131r\u0131 ve haks\u0131z bir \u015fekilde veri payla\u015f\u0131m\u0131ndan kaynaklanabilecek hukuki risklerin bertaraf edilmesi ve \u00f6zellikle ki\u015fisel verilerinizin g\u00fcvenli\u011finin sa\u011flanmas\u0131 amac\u0131yla, kimlik ve yetki tespiti i\u00e7in \u015eirketimiz, ek bilgi talep etme ve talebin kar\u015f\u0131lanmas\u0131n\u0131n ayr\u0131ca bir maliyet gerektirmesi halinde Ki\u015fisel Verileri Koruma Kurulu taraf\u0131ndan belirlenen \u00fccreti talep etme hakk\u0131n\u0131 sakl\u0131 tutar. Ba\u015fvuru Formu kapsam\u0131nda iletmekte oldu\u011funuz taleplerinize ili\u015fkin bilgilerin do\u011fru ve g\u00fcncel olmamas\u0131 ya da yetkisiz bir ba\u015fvuru yap\u0131lmas\u0131 halinde \u015eirketimiz, s\u00f6z konusu yanl\u0131\u015f bilgiden ya da yetkisiz ba\u015fvurudan kaynaklanan taleplerden dolay\u0131 mesuliyet kabul etmemektedir.<\/p><p><strong><u>Ba\u015fvuru Sahibi \u0130lgili Ki\u015fi\u2019nin;<\/u><\/strong><\/p><p><strong>Ad\u0131 \/ Soyad\u0131\u00a0\u00a0\u00a0\u00a0\u00a0\u00a0\u00a0\u00a0\u00a0\u00a0\u00a0\u00a0\u00a0\u00a0\u00a0\u00a0\u00a0\u00a0\u00a0\u00a0\u00a0\u00a0 :\u2026\u2026\u2026\u2026\u2026..\u2026\u2026\u2026\u2026<br \/><\/strong><\/p><p><strong>Ba\u015fvuru Tarihi\u00a0 :\u2026\u2026\u2026\u2026..\u2026\u2026\u2026\u2026\u2026<\/strong><\/p><p><strong>\u0130mza\u00a0\u00a0\u00a0\u00a0\u00a0 \u00a0 \u00a0\u00a0\u00a0\u00a0\u00a0\u00a0\u00a0\u00a0\u00a0\u00a0\u00a0\u00a0 : \u2026\u2026\u2026\u2026\u2026\u2026\u2026\u2026\u2026..<\/strong><\/p>\t\t\t\t\t\t<\/div>\n\t\t\t\t<\/div>\n\t\t\t\t<\/div>\n\t\t\t\t\t<\/div>\n\t\t\t\t<\/div>\n\t\t\t\t<\/div>\n\t\t","protected":false},"excerpt":{"rendered":"<p>\u00a0 G\u00dcLEKS TEKST\u0130L VE ENERJ\u0130 \u00dcRET\u0130M SAN. T\u0130C. A.\u015e. (\u201cG\u00dcLEKS TEKST\u0130L\u201d) 6698 SAYILI K\u0130\u015e\u0130SEL VER\u0130LER\u0130N KORUNMASI KANUNU KAPSAMINDA \u0130LG\u0130L\u0130 K\u0130\u015e\u0130 BA\u015eVURU FORMU \u00a0 6698 say\u0131l\u0131 Ki\u015fisel Verilerin Korunmas\u0131 Kanunu\u2019nda (\u201cKVKK\u201d olarak an\u0131lacakt\u0131r.) \u201cilgili ki\u015fi\u201d olarak tan\u0131mlanan ki\u015fisel veri sahiplerine (\u201cBa\u015fvuru Sahibi\u201d olarak an\u0131lacakt\u0131r.), KVKK\u2019n\u0131n 11. maddesi kapsam\u0131nda a\u015fa\u011f\u0131daki haklar tan\u0131nm\u0131\u015ft\u0131r: Ki\u015fisel verilerinizin i\u015flenip i\u015flenmedi\u011fini \u00f6\u011frenme, [&hellip;]<\/p>\n","protected":false},"author":1,"featured_media":0,"parent":0,"menu_order":0,"comment_status":"closed","ping_status":"closed","template":"","meta":{"_acf_changed":false,"footnotes":""},"class_list":["post-4542","page","type-page","status-publish","hentry"],"acf":[],"_links":{"self":[{"href":"https:\/\/guleks.com\/tr\/wp-json\/wp\/v2\/pages\/4542","targetHints":{"allow":["GET"]}}],"collection":[{"href":"https:\/\/guleks.com\/tr\/wp-json\/wp\/v2\/pages"}],"about":[{"href":"https:\/\/guleks.com\/tr\/wp-json\/wp\/v2\/types\/page"}],"author":[{"embeddable":true,"href":"https:\/\/guleks.com\/tr\/wp-json\/wp\/v2\/users\/1"}],"replies":[{"embeddable":true,"href":"https:\/\/guleks.com\/tr\/wp-json\/wp\/v2\/comments?post=4542"}],"version-history":[{"count":11,"href":"https:\/\/guleks.com\/tr\/wp-json\/wp\/v2\/pages\/4542\/revisions"}],"predecessor-version":[{"id":4557,"href":"https:\/\/guleks.com\/tr\/wp-json\/wp\/v2\/pages\/4542\/revisions\/4557"}],"wp:attachment":[{"href":"https:\/\/guleks.com\/tr\/wp-json\/wp\/v2\/media?parent=4542"}],"curies":[{"name":"wp","href":"https:\/\/api.w.org\/{rel}","templated":true}]}}