{"id":4556,"date":"2025-09-15T16:30:48","date_gmt":"2025-09-15T13:30:48","guid":{"rendered":"https:\/\/guleks.com\/?page_id=4556"},"modified":"2025-09-18T13:16:47","modified_gmt":"2025-09-18T10:16:47","slug":"stajyer-aydinlatma-metni","status":"publish","type":"page","link":"https:\/\/guleks.com\/tr\/stajyer-aydinlatma-metni\/","title":{"rendered":"\u00c7al\u0131\u015fan\/Stajyer Ayd\u0131nlatma Metni"},"content":{"rendered":"\t\t<div data-elementor-type=\"wp-page\" data-elementor-id=\"4556\" class=\"elementor elementor-4556\" data-elementor-post-type=\"page\">\n\t\t\t\t<div class=\"elementor-element elementor-element-19e4578 e-flex e-con-boxed e-con e-parent\" data-id=\"19e4578\" data-element_type=\"container\" data-settings=\"{&quot;ekit_has_onepagescroll_dot&quot;:&quot;yes&quot;}\">\n\t\t\t\t\t<div class=\"e-con-inner\">\n\t\t<div class=\"elementor-element elementor-element-fd51669 e-con-full e-flex e-con e-child\" data-id=\"fd51669\" data-element_type=\"container\" data-settings=\"{&quot;ekit_has_onepagescroll_dot&quot;:&quot;yes&quot;}\">\n\t\t\t\t<div class=\"elementor-element elementor-element-70c3b54 elementor-widget elementor-widget-text-editor\" data-id=\"70c3b54\" data-element_type=\"widget\" data-settings=\"{&quot;ekit_we_effect_on&quot;:&quot;none&quot;}\" data-widget_type=\"text-editor.default\">\n\t\t\t\t<div class=\"elementor-widget-container\">\n\t\t\t<style>\/*! elementor - v3.22.0 - 26-06-2024 *\/\n.elementor-widget-text-editor.elementor-drop-cap-view-stacked .elementor-drop-cap{background-color:#69727d;color:#fff}.elementor-widget-text-editor.elementor-drop-cap-view-framed .elementor-drop-cap{color:#69727d;border:3px solid;background-color:transparent}.elementor-widget-text-editor:not(.elementor-drop-cap-view-default) .elementor-drop-cap{margin-top:8px}.elementor-widget-text-editor:not(.elementor-drop-cap-view-default) .elementor-drop-cap-letter{width:1em;height:1em}.elementor-widget-text-editor .elementor-drop-cap{float:left;text-align:center;line-height:1;font-size:50px}.elementor-widget-text-editor .elementor-drop-cap-letter{display:inline-block}<\/style>\t\t\t\t<p>\u00a0<\/p><p><strong>\u00c7ALI\u015eAN \/ STAJYER ADAYI AYDINLATMA METN\u0130<\/strong><\/p><p>De\u011ferli \u00c7al\u0131\u015fan\u0131m\u0131z,<\/p><p>G\u00dcLEKS TEKST\u0130L VE ENERJ\u0130 \u00dcRET\u0130M SAN. T\u0130C. A.\u015e. (Bundan sonra \u201c\u015eirket\u201d olarak an\u0131lacakt\u0131r.) olarak \u00f6zel hayat\u0131n gizlili\u011fine sayg\u0131 duyuyor ve \u00f6nem veriyoruz. Bu nedenle, sizleri 6698 say\u0131l\u0131 Ki\u015fisel Verilerin Korunmas\u0131 Kanunu (Bundan sonra \u201cKVKK\u201d olarak an\u0131lacakt\u0131r.) kapsam\u0131nda ki\u015fisel verilerinizin kullan\u0131m\u0131 ve korunmas\u0131 ile ilgili haklar\u0131n\u0131z konusunda bilgilendirmek istiyoruz.<\/p><ol><li><strong>a) Veri Sorumlusu <\/strong><\/li><\/ol><p>G\u00dcLEKS TEKST\u0130L VE ENERJ\u0130 \u00dcRET\u0130M SAN. T\u0130C. A.\u015e.(Bundan sonra \u201c\u015eirket\u201d olarak an\u0131lacakt\u0131r.) olarak ki\u015fisel verilerinizi, 6698 say\u0131l\u0131 Ki\u015fisel Verilerin Korunmas\u0131 Kanunu (Bundan sonra \u201cKVKK\u201d olarak an\u0131lacakt\u0131r.) ve ilgili sair mevzuat kapsam\u0131nda, veri sorumlusu s\u0131fat\u0131 ile i\u015fledi\u011fimizi taraf\u0131n\u0131za bildiriyoruz.<\/p><ol><li><strong>b) Ki\u015fisel Verilerin Hangi Ama\u00e7la \u0130\u015flenece\u011fi <\/strong><\/li><\/ol><p>Ki\u015fisel verileriniz,<\/p><ul><li>\u00c7al\u0131\u015fanlar i\u00e7in i\u015f akdi ve mevzuattan kaynakl\u0131 y\u00fck\u00fcml\u00fcl\u00fcklerin yerine getirilmesi<\/li><li>\u00c7al\u0131\u015fanlar i\u00e7in yan haklar ve menfaatleri s\u00fcre\u00e7lerinin y\u00fcr\u00fct\u00fclmesi<\/li><li>\u00c7al\u0131\u015fan memnuniyeti ve ba\u011fl\u0131l\u0131\u011f\u0131 s\u00fcre\u00e7lerinin y\u00fcr\u00fct\u00fclmesi<\/li><li>Denetim\/etik faaliyetlerinin y\u00fcr\u00fct\u00fclmesi<\/li><li>E\u011fitim faaliyetlerinin y\u00fcr\u00fct\u00fclmesi<\/li><li>Hukuk i\u015flerinin takibi ve y\u00fcr\u00fct\u00fclmesi<\/li><li>Faaliyetlerin mevzuata uygun y\u00fcr\u00fct\u00fclmesi<\/li><li>Finans ve\/veya muhasebe i\u015flerinin y\u00fcr\u00fct\u00fclmesi<\/li><li>Fiziksel mekan g\u00fcvenli\u011finin temini<\/li><li>\u0130\u015f faaliyetlerinin y\u00fcr\u00fct\u00fclmesi\/denetimi<\/li><li>\u0130\u015f sa\u011fl\u0131\u011f\u0131\/g\u00fcvenli\u011fi faaliyetlerinin y\u00fcr\u00fct\u00fclmesi<\/li><li>\u0130\u015f s\u00fcreklili\u011finin sa\u011flanmas\u0131 faaliyetlerinin y\u00fcr\u00fct\u00fclmesi<\/li><li>\u0130nsan kaynaklar\u0131 s\u00fcre\u00e7lerinin planlanmas\u0131<\/li><li>Mal\/hizmet sat\u0131\u015f s\u00fcre\u00e7lerinin y\u00fcr\u00fct\u00fclmesi<\/li><li>Mal \/ hizmet \u00fcretim ve operasyon s\u00fcre\u00e7lerinin y\u00fcr\u00fct\u00fclmesi<\/li><li>Mal \/ hizmet sat\u0131n al\u0131m s\u00fcre\u00e7lerinin y\u00fcr\u00fct\u00fclmesi<\/li><li>Yetkili ki\u015fi, kurum ve kurulu\u015flara bilgi verilmesi<\/li><li>Organizasyon ve etkinlik y\u00f6netimi<\/li><li>Saklama ve ar\u015fiv faaliyetlerinin y\u00fcr\u00fct\u00fclmesi<\/li><li>Eri\u015fim yetkilerinin y\u00fcr\u00fct\u00fclmesi<\/li><li>Bilgi g\u00fcvenli\u011fi s\u00fcre\u00e7lerinin y\u00fcr\u00fct\u00fclmesi<\/li><li>S\u00f6zle\u015fme s\u00fcre\u00e7lerinin y\u00fcr\u00fct\u00fclmesi<\/li><li>G\u00f6revlendirme S\u00fcre\u00e7lerinin Y\u00fcr\u00fct\u00fclmesi<\/li><li>\u0130leti\u015fim Faaliyetlerinin Y\u00fcr\u00fct\u00fclmesi<\/li><li>M\u00fc\u015fteri \u0130li\u015fkileri Y\u00f6netimi S\u00fcre\u00e7lerinin Y\u00fcr\u00fct\u00fclmesi<\/li><li>\u015eirketin ve \u015eirketle i\u015f ili\u015fkisi i\u00e7erisinde olan ilgili ki\u015filerin hukuki, teknik ve ticari-i\u015f g\u00fcvenli\u011finin temini ama\u00e7lar\u0131yla KVKK\u2019n\u0131n 5 (2) maddesinde belirtilen \u201ca) Kanunlarda a\u00e7\u0131k\u00e7a \u00f6ng\u00f6r\u00fclmesi\u201d, \u201cc) Bir s\u00f6zle\u015fmenin kurulmas\u0131 veya ifas\u0131yla do\u011frudan do\u011fruya ilgili olmas\u0131 kayd\u0131yla, s\u00f6zle\u015fmenin taraflar\u0131na ait ki\u015fisel verilerin i\u015flenmesinin gerekli olmas\u0131\u201d, \u201c\u00e7) Veri sorumlusunun hukuki y\u00fck\u00fcml\u00fcl\u00fc\u011f\u00fcn\u00fcn yerine getirebilmesi i\u00e7in zorunlu olmas\u0131, e) Bir hakk\u0131n tesisi, kullan\u0131lmas\u0131 veya korunmas\u0131 i\u00e7in veri i\u015flemenin zorunlu olmas\u0131, \u201cf) \u0130lgili ki\u015finin temel hak ve \u00f6zg\u00fcrl\u00fcklerine zarar vermemek kayd\u0131yla, veri sorumlusunun me\u015fru menfaatleri i\u00e7in veri i\u015flenmesinin zorunlu olmas\u0131\u201d, hukuki sebepleri d\u00e2hilinde i\u015flenecektir.<\/li><\/ul><p>\u00d6zel nitelikli ki\u015fisel verileriniz (sa\u011fl\u0131k, ceza mahkumiyeti ve g\u00fcvenlik tedbirleri), insan kaynaklar\u0131 s\u00fcre\u00e7lerinin planlanmas\u0131 ve i\u015f sa\u011fl\u0131\u011f\u0131 ve g\u00fcvenli\u011fi s\u00fcre\u00e7lerinin y\u00fcr\u00fct\u00fclmesi amac\u0131yla a\u00e7\u0131k r\u0131zan\u0131za istinaden i\u015flenecektir.<\/p><p>Biyometrik verileriniz, i\u015f s\u00fcreklili\u011finin sa\u011flanmas\u0131 ve takip edilmesi amac\u0131yla a\u00e7\u0131k r\u0131zan\u0131za istinaden i\u015flenecektir.<\/p><p>A\u00e7\u0131k r\u0131zan\u0131za istinaden kimlik ve ileti\u015fim kategorisindeki ki\u015fisel verileriniz i\u015f faaliyetlerinin y\u00fcr\u00fct\u00fclmesi kapsam\u0131nda mal\/hizmet sat\u0131\u015f s\u00fcre\u00e7lerinin y\u00fcr\u00fct\u00fclmesi amac\u0131yla yurtd\u0131\u015f\u0131 m\u00fc\u015fterilerimizle payla\u015f\u0131lacakt\u0131r.<\/p><ol><li><strong>c) Ki\u015fisel Verilerin Toplama Y\u00f6ntemi ve Hukuki Sebebi <\/strong><\/li><\/ol><p>Ki\u015fisel verileriniz, bu metnin (b) f\u0131kras\u0131ndaki ama\u00e7lar\u0131n yerine getirilebilmesi i\u00e7in KVKK\u2019n\u0131n 5 (2) ve 6. maddelerinde d\u00fczenlenen hukuki sebeplere dayanarak, a\u015fa\u011f\u0131da belirtilen otomatik veya otomatik olmayan y\u00f6ntemlerle s\u00f6zl\u00fc, yaz\u0131l\u0131 veya elektronik ortamlarda elde edilecektir:<\/p><ul><li>\u0130\u015f ba\u015fvuru formunun doldurulmas\u0131 yahut i\u015f g\u00f6r\u00fc\u015fmesi s\u0131ras\u0131nda bilgi verilmesi<\/li><li>\u00d6zl\u00fck dosyas\u0131n\u0131n olu\u015fturulmas\u0131 i\u00e7in talep edilen bilgi ve belgelerin iletilmesi<\/li><li>\u00c7al\u0131\u015fan\/Stajyer taraf\u0131ndan \u00f6zge\u00e7mi\u015flerin iletilmesi<\/li><li>\u015eirket ile aran\u0131zda var olan i\u015f ili\u015fkisinin y\u00fcr\u00fct\u00fclmesi kapsam\u0131nda fiziki ve elektronik ortamda bizimle temas kurdu\u011funuz kanallar<\/li><\/ul><ol><li><strong>d) \u0130\u015flenen Ki\u015fisel Verilerin Kimlere ve Hangi Ama\u00e7la Aktar\u0131labilece\u011fi <\/strong><\/li><\/ol><p>Ki\u015fisel verileriniz, a\u015fa\u011f\u0131da belirtilen ama\u00e7lar ile KVKK\u2019n\u0131n 8 (2) (a) maddeleri uyar\u0131nca personelin a\u00e7\u0131k r\u0131zas\u0131 aranmaks\u0131z\u0131n aktar\u0131lacakt\u0131r:<\/p><ul><li>Bireysel Emeklilik Sistemi (BES) faaliyetleri, maa\u015f \u00f6demelerinin ger\u00e7ekle\u015ftirilebilmesi ve maa\u015f haczi kesintilerinin ger\u00e7ekle\u015ftirilmesi amac\u0131yla anla\u015fmal\u0131 oldu\u011fumuz banka ile payla\u015f\u0131lacakt\u0131r.<\/li><li>\u0130lgili mevzuat uyar\u0131nca yasal y\u00fck\u00fcml\u00fcl\u00fcklerini yerine getirebilmesi amac\u0131yla, gerekmesi veya talep gelmesi halinde, ilgili kamu kurum ve kurulu\u015flar\u0131 ve \u00f6zel kurum ve kurulu\u015flar ile payla\u015f\u0131lacakt\u0131r.<\/li><li>Denetim s\u00fcrecinde ilgili ki\u015fisel verileriniz Denetim Firmalar\u0131 ile payla\u015f\u0131lacakt\u0131r.<\/li><li>Hukuki s\u00fcre\u00e7lerin takip edilebilmesi amac\u0131yla avukatlar\u0131m\u0131z ile s\u0131r saklama y\u00fck\u00fcml\u00fcl\u00fc\u011f\u00fc \u00e7er\u00e7evesinde gerekti\u011fi kadar payla\u015f\u0131labilecektir.<\/li><\/ul><ol start=\"11\"><li><strong>e) KVKK\u2019n\u0131n 11. Maddesi Kapsam\u0131ndaki Haklar\u0131n\u0131z <\/strong><\/li><\/ol><p>Ki\u015fisel veri sahibi olarak Kanun\u2019un 11. maddesi uyar\u0131nca a\u015fa\u011f\u0131daki haklara sahip oldu\u011funuzu bildiririz:<\/p><ul><li>Ki\u015fisel verilerinizin i\u015flenip i\u015flenmedi\u011fini \u00f6\u011frenme,<\/li><li>Ki\u015fisel verileriniz i\u015flenmi\u015fse, buna ili\u015fkin bilgi talep etme,<\/li><li>Ki\u015fisel verilerinizin i\u015flenme amac\u0131n\u0131 ve ki\u015fisel verilerinizin i\u015flenme amac\u0131na uygun kullan\u0131l\u0131p kullan\u0131lmad\u0131\u011f\u0131n\u0131 \u00f6\u011frenme,<\/li><li>Yurt i\u00e7inde veya yurt d\u0131\u015f\u0131nda ki\u015fisel verilerinizin aktar\u0131ld\u0131\u011f\u0131 \u00fc\u00e7\u00fcnc\u00fc ki\u015fileri bilme,<\/li><li>Ki\u015fisel verilerinizin eksik veya yanl\u0131\u015f i\u015flenmi\u015f olmas\u0131 halinde bunlar\u0131n d\u00fczeltilmesini talep etme,<\/li><li>\u0130lgili mevzuatta \u00f6ng\u00f6r\u00fclen \u015fartlar \u00e7er\u00e7evesinde ki\u015fisel verilerinizin silinmesini veya yok edilmesini isteme,<\/li><li>\u0130lgili mevzuat uyar\u0131nca yap\u0131lan d\u00fczeltme, silme ve yok edilme i\u015flemlerinin, ki\u015fisel verilerinizin payla\u015f\u0131ld\u0131\u011f\u0131 \u00fc\u00e7\u00fcnc\u00fc ki\u015filere bildirilmesini isteme,<\/li><li>\u0130\u015flenen ki\u015fisel verilerinizin m\u00fcnhas\u0131ran otomatik sistemler vas\u0131tas\u0131yla analiz edilmesi suretiyle sizin aleyhinize bir sonucun ortaya \u00e7\u0131kmas\u0131na itiraz etme,<\/li><li>Ki\u015fisel verilerinizin kanuna ayk\u0131r\u0131 olarak i\u015flenmesi sebebiyle zarara u\u011framan\u0131z halinde, zarar\u0131n giderilmesini talep etmek.<\/li><\/ul><p>KVKK\u2019n\u0131n 11. maddesi kapsam\u0131ndaki bu haklar\u0131n\u0131z ile ilgili taleplerinizi \u0130lgili Ki\u015fi Ba\u015fvuru Formun\u2019da belirtilen b\u00fct\u00fcn bilgileri doldurmak suretiyle KVKK\u2019n\u0131n 11. maddesi ile 13. maddesinin 1. f\u0131kras\u0131 ve Veri Sorumlusuna Ba\u015fvuru Usul ve Esaslar\u0131 Hakk\u0131nda Tebli\u011f gere\u011fince,<\/p><ul><li>[Cihangir Mah. Petrol Ofisi Cad. No: 10\/2 Avc\u0131lar-\u0130stanbul.]\u201d adresindeki \u015eirketimize bizzat gelerek,<\/li><li>gulekstekstil@hs02.kep.tr \u015feklindeki kay\u0131tl\u0131 elektronik posta (KEP) adresimiz \u00fczerinden,<\/li><li>kimli\u011finizi tespit edebilmek ve yanl\u0131\u015f ki\u015filere bilgi vermemek ad\u0131na yaz\u0131l\u0131 olarak noter arac\u0131l\u0131\u011f\u0131 ile veya iadeli taahh\u00fctl\u00fc mektup ile,<\/li><li>g\u00fcvenli elektronik imza, mobil imza ya da (varsa) taraf\u0131n\u0131zca daha \u015eirketimize bildirilen ve sistemlerimizde kay\u0131tl\u0131 bulunan elektronik posta adresini kullanmak suretiyle kvkk@gulekstekstil.com adresine elektronik posta g\u00f6ndererek<\/li><li>veya gelecekte Kurul\u2019un belirleyece\u011fi di\u011fer y\u00f6ntemlerle iletebilirsiniz.<\/li><\/ul><p>KVKK\u2019n\u0131n 11. maddesinde belirtilen haklara ek olarak, ki\u015fisel verilerinizi i\u015flenmesine dair a\u00e7\u0131k r\u0131za vermeniz halinde, s\u00f6z konusu a\u00e7\u0131k r\u0131zay\u0131 diledi\u011finiz zaman geri alma hakk\u0131n\u0131z bulunmaktad\u0131r.<\/p><ol><li><strong>f) De\u011fi\u015fiklik ve G\u00fcncellemeler<\/strong><\/li><\/ol><p>\u0130\u015f bu ayd\u0131nlatma metni, 6698 say\u0131l\u0131 Ki\u015fisel Verilerin Korunmas\u0131 Kanunu ve ilgili sair mevzuat kapsam\u0131nda haz\u0131rlanm\u0131\u015ft\u0131r. \u0130lgili yasal mevzuat ve\/veya \u015eirket\u2019\u0130n ki\u015fisel veri i\u015fleme ama\u00e7 ve politikalar\u0131nda meydana gelecek de\u011fi\u015fiklikler do\u011frultusunda bahse konu ayd\u0131nlatma metninde gerekli de\u011fi\u015fiklikler yap\u0131labilir.<\/p><ol start=\"11\"><li><strong>g) KVKK\u2019n\u0131n 11. Maddesi Kapsam\u0131ndaki Haklar\u0131n\u0131z <\/strong><\/li><\/ol><p>Ki\u015fisel veri sahibi olarak Kanun\u2019un 11. maddesi uyar\u0131nca a\u015fa\u011f\u0131daki haklara sahip oldu\u011funuzu bildiririz:<\/p><ul><li>Ki\u015fisel verilerinizin i\u015flenip i\u015flenmedi\u011fini \u00f6\u011frenme,<\/li><li>Ki\u015fisel verileriniz i\u015flenmi\u015fse, buna ili\u015fkin bilgi talep etme,<\/li><li>Ki\u015fisel verilerinizin i\u015flenme amac\u0131n\u0131 ve ki\u015fisel verilerinizin i\u015flenme amac\u0131na uygun kullan\u0131l\u0131p kullan\u0131lmad\u0131\u011f\u0131n\u0131 \u00f6\u011frenme,<\/li><li>Yurt i\u00e7inde veya yurt d\u0131\u015f\u0131nda ki\u015fisel verilerinizin aktar\u0131ld\u0131\u011f\u0131 \u00fc\u00e7\u00fcnc\u00fc ki\u015fileri bilme,<\/li><li>Ki\u015fisel verilerinizin eksik veya yanl\u0131\u015f i\u015flenmi\u015f olmas\u0131 halinde bunlar\u0131n d\u00fczeltilmesini talep etme,<\/li><li>\u0130lgili mevzuatta \u00f6ng\u00f6r\u00fclen \u015fartlar \u00e7er\u00e7evesinde ki\u015fisel verilerinizin silinmesini veya yok edilmesini isteme,<\/li><li>\u0130lgili mevzuat uyar\u0131nca yap\u0131lan d\u00fczeltme, silme ve yok edilme i\u015flemlerinin, ki\u015fisel verilerinizin payla\u015f\u0131ld\u0131\u011f\u0131 \u00fc\u00e7\u00fcnc\u00fc ki\u015filere bildirilmesini isteme,<\/li><li>\u0130\u015flenen ki\u015fisel verilerinizin m\u00fcnhas\u0131ran otomatik sistemler vas\u0131tas\u0131yla analiz edilmesi suretiyle sizin aleyhinize bir sonucun ortaya \u00e7\u0131kmas\u0131na itiraz etme,<\/li><li>Ki\u015fisel verilerinizin kanuna ayk\u0131r\u0131 olarak i\u015flenmesi sebebiyle zarara u\u011framan\u0131z halinde, zarar\u0131n giderilmesini talep etmek.<\/li><\/ul><p>KVKK\u2019n\u0131n 11. maddesi kapsam\u0131ndaki bu haklar\u0131n\u0131z ile ilgili taleplerinizi \u0130lgili Ki\u015fi Ba\u015fvuru Formu\u2019nda belirtilen b\u00fct\u00fcn bilgileri doldurmak suretiyle KVKK\u2019n\u0131n 11. maddesi ile 13. maddesinin 1. f\u0131kras\u0131 ve Veri Sorumlusuna Ba\u015fvuru Usul ve Esaslar\u0131 Hakk\u0131nda Tebli\u011f gere\u011fince,<\/p><ul><li>\u201c[Cihangir Mah. Petrol Ofisi Cad. No: 10\/2 Avc\u0131lar-\u0130stanbul.]\u201d adresindeki \u015eirketimize bizzat gelerek,<\/li><li>gulekstekstil@hs03.kep.tr \u015feklindeki kay\u0131tl\u0131 elektronik posta (KEP) adresimiz \u00fczerinden,<\/li><li>kimli\u011finizi tespit edebilmek ve yanl\u0131\u015f ki\u015filere bilgi vermemek ad\u0131na yaz\u0131l\u0131 olarak noter arac\u0131l\u0131\u011f\u0131 ile veya iadeli taahh\u00fctl\u00fc mektup ile,<\/li><li>g\u00fcvenli elektronik imza, mobil imza ya da (varsa) taraf\u0131n\u0131zca daha \u015eirketimize bildirilen ve sistemlerimizde kay\u0131tl\u0131 bulunan elektronik posta adresini kullanmak suretiyle <a href=\"mailto:kvkk@gulekstekstil.com\">kvkk@gulekstekstil.com<\/a> adresine elektronik posta g\u00f6ndererek<\/li><li>veya gelecekte Kurul\u2019un belirleyece\u011fi di\u011fer y\u00f6ntemlerle iletebilirsiniz.<\/li><\/ul><p>KVKK\u2019n\u0131n 11. maddesinde belirtilen haklara ek olarak, ki\u015fisel verilerinizi i\u015flenmesine dair a\u00e7\u0131k r\u0131za vermeniz halinde, s\u00f6z konusu a\u00e7\u0131k r\u0131zay\u0131 diledi\u011finiz zaman geri alma hakk\u0131n\u0131z bulunmaktad\u0131r.<\/p><ol><li><strong>h) De\u011fi\u015fiklik ve G\u00fcncellemeler<\/strong><\/li><\/ol><p>\u0130\u015f bu ayd\u0131nlatma metni, 6698 say\u0131l\u0131 Ki\u015fisel Verilerin Korunmas\u0131 Kanunu ve ilgili sair mevzuat kapsam\u0131nda haz\u0131rlanm\u0131\u015ft\u0131r. \u0130lgili yasal mevzuat ve\/veya \u015eirket\u2019\u0130n ki\u015fisel veri i\u015fleme ama\u00e7 ve politikalar\u0131nda meydana gelecek de\u011fi\u015fiklikler do\u011frultusunda bahse konu ayd\u0131nlatma metninde gerekli de\u011fi\u015fiklikler yap\u0131labilir.<\/p>\t\t\t\t\t\t<\/div>\n\t\t\t\t<\/div>\n\t\t\t\t<\/div>\n\t\t\t\t\t<\/div>\n\t\t\t\t<\/div>\n\t\t\t\t<\/div>\n\t\t","protected":false},"excerpt":{"rendered":"<p>\u00a0 \u00c7ALI\u015eAN \/ STAJYER ADAYI AYDINLATMA METN\u0130 De\u011ferli \u00c7al\u0131\u015fan\u0131m\u0131z, G\u00dcLEKS TEKST\u0130L VE ENERJ\u0130 \u00dcRET\u0130M SAN. T\u0130C. A.\u015e. (Bundan sonra \u201c\u015eirket\u201d olarak an\u0131lacakt\u0131r.) olarak \u00f6zel hayat\u0131n gizlili\u011fine sayg\u0131 duyuyor ve \u00f6nem veriyoruz. Bu nedenle, sizleri 6698 say\u0131l\u0131 Ki\u015fisel Verilerin Korunmas\u0131 Kanunu (Bundan sonra \u201cKVKK\u201d olarak an\u0131lacakt\u0131r.) kapsam\u0131nda ki\u015fisel verilerinizin kullan\u0131m\u0131 ve korunmas\u0131 ile ilgili haklar\u0131n\u0131z konusunda [&hellip;]<\/p>\n","protected":false},"author":1,"featured_media":0,"parent":0,"menu_order":0,"comment_status":"closed","ping_status":"closed","template":"","meta":{"_acf_changed":false,"footnotes":""},"class_list":["post-4556","page","type-page","status-publish","hentry"],"acf":[],"_links":{"self":[{"href":"https:\/\/guleks.com\/tr\/wp-json\/wp\/v2\/pages\/4556","targetHints":{"allow":["GET"]}}],"collection":[{"href":"https:\/\/guleks.com\/tr\/wp-json\/wp\/v2\/pages"}],"about":[{"href":"https:\/\/guleks.com\/tr\/wp-json\/wp\/v2\/types\/page"}],"author":[{"embeddable":true,"href":"https:\/\/guleks.com\/tr\/wp-json\/wp\/v2\/users\/1"}],"replies":[{"embeddable":true,"href":"https:\/\/guleks.com\/tr\/wp-json\/wp\/v2\/comments?post=4556"}],"version-history":[{"count":8,"href":"https:\/\/guleks.com\/tr\/wp-json\/wp\/v2\/pages\/4556\/revisions"}],"predecessor-version":[{"id":4596,"href":"https:\/\/guleks.com\/tr\/wp-json\/wp\/v2\/pages\/4556\/revisions\/4596"}],"wp:attachment":[{"href":"https:\/\/guleks.com\/tr\/wp-json\/wp\/v2\/media?parent=4556"}],"curies":[{"name":"wp","href":"https:\/\/api.w.org\/{rel}","templated":true}]}}