{"id":4932,"date":"2025-12-08T11:22:32","date_gmt":"2025-12-08T08:22:32","guid":{"rendered":"https:\/\/guleks.com\/?page_id=4932"},"modified":"2025-12-08T17:20:03","modified_gmt":"2025-12-08T14:20:03","slug":"surdurulebilirlik-raporu","status":"publish","type":"page","link":"https:\/\/guleks.com\/tr\/surdurulebilirlik-raporu\/","title":{"rendered":"S\u00fcrd\u00fcr\u00fclebilirlik Raporu"},"content":{"rendered":"\t\t<div data-elementor-type=\"wp-page\" data-elementor-id=\"4932\" class=\"elementor elementor-4932\" data-elementor-post-type=\"page\">\n\t\t\t\t<div class=\"elementor-element elementor-element-486b2d8 e-con-full e-flex e-con e-parent\" data-id=\"486b2d8\" data-element_type=\"container\" data-settings=\"{&quot;background_background&quot;:&quot;classic&quot;,&quot;ekit_has_onepagescroll_dot&quot;:&quot;yes&quot;}\">\n\t\t\t\t<div class=\"elementor-element elementor-element-9871e75 elementor-widget__width-inherit kayany elementor-widget elementor-widget-shortcode\" data-id=\"9871e75\" data-element_type=\"widget\" data-settings=\"{&quot;ekit_we_effect_on&quot;:&quot;none&quot;}\" data-widget_type=\"shortcode.default\">\n\t\t\t\t<div class=\"elementor-widget-container\">\n\t\t\t\t\t<div class=\"elementor-shortcode\"><div style=\"overflow: hidden; white-space: nowrap; background-color: rgba(0,0,0,0); height: 5rem; color: #fff; display: flex; align-items: center;\"><marquee behavior=\"scroll\" direction=\"left\" scrollamount=\"8\">G\u00fcleks Tekstil S\u00fcrd\u00fcr\u00fclebilirlik Raporlar\u0131<\/marquee><\/div>\n<\/div>\n\t\t\t\t<\/div>\n\t\t\t\t<\/div>\n\t\t\t\t<\/div>\n\t\t<div class=\"elementor-element elementor-element-440f536 e-flex e-con-boxed e-con e-parent\" data-id=\"440f536\" data-element_type=\"container\" data-settings=\"{&quot;ekit_has_onepagescroll_dot&quot;:&quot;yes&quot;}\">\n\t\t\t\t\t<div class=\"e-con-inner\">\n\t\t<div class=\"elementor-element elementor-element-3ae7665 e-flex e-con-boxed e-con e-child\" data-id=\"3ae7665\" data-element_type=\"container\" data-settings=\"{&quot;ekit_has_onepagescroll_dot&quot;:&quot;yes&quot;}\">\n\t\t\t\t\t<div class=\"e-con-inner\">\n\t\t<div class=\"elementor-element elementor-element-e822f12 e-con-full e-flex e-con e-child\" data-id=\"e822f12\" data-element_type=\"container\" data-settings=\"{&quot;ekit_has_onepagescroll_dot&quot;:&quot;yes&quot;}\">\n\t\t<div class=\"elementor-element elementor-element-8305d09 e-con-full e-flex e-con e-child\" data-id=\"8305d09\" data-element_type=\"container\" data-settings=\"{&quot;ekit_has_onepagescroll_dot&quot;:&quot;yes&quot;}\">\n\t\t<div class=\"elementor-element elementor-element-633a1e1 e-con-full restir e-flex e-con e-child\" data-id=\"633a1e1\" data-element_type=\"container\" data-settings=\"{&quot;ekit_has_onepagescroll_dot&quot;:&quot;yes&quot;}\">\n\t\t\t\t<div class=\"elementor-element elementor-element-c0d9864 elementor-widget elementor-widget-text-editor\" data-id=\"c0d9864\" data-element_type=\"widget\" data-settings=\"{&quot;ekit_we_effect_on&quot;:&quot;none&quot;}\" data-widget_type=\"text-editor.default\">\n\t\t\t\t<div class=\"elementor-widget-container\">\n\t\t\t<style>\/*! elementor - v3.22.0 - 26-06-2024 *\/\n.elementor-widget-text-editor.elementor-drop-cap-view-stacked .elementor-drop-cap{background-color:#69727d;color:#fff}.elementor-widget-text-editor.elementor-drop-cap-view-framed .elementor-drop-cap{color:#69727d;border:3px solid;background-color:transparent}.elementor-widget-text-editor:not(.elementor-drop-cap-view-default) .elementor-drop-cap{margin-top:8px}.elementor-widget-text-editor:not(.elementor-drop-cap-view-default) .elementor-drop-cap-letter{width:1em;height:1em}.elementor-widget-text-editor .elementor-drop-cap{float:left;text-align:center;line-height:1;font-size:50px}.elementor-widget-text-editor .elementor-drop-cap-letter{display:inline-block}<\/style>\t\t\t\t<h4>2024 S\u00fcrd\u00fcr\u00fclebilirlik Raporumuz<\/h4><p>G\u00fcleks olarak i\u015fimizi; \u00e7evresel sorumluluk, sosyal etki ve g\u00fc\u00e7l\u00fc kurumsal y\u00f6netim ilkelerini b\u00fct\u00fcnle\u015ftiren bir yakla\u015f\u0131m ile \u015fekillendiriyoruz. Uzun vadeli de\u011fer yaratmay\u0131 hedefleyen s\u00fcrd\u00fcr\u00fclebilirlik stratejimiz, \u015firketimizin t\u00fcm operasyonlar\u0131na y\u00f6n veren temel bir yol haritas\u0131d\u0131r.<\/p><p>Haz\u0131rlam\u0131\u015f oldu\u011fumuz 2024 y\u0131l\u0131 S\u00fcrd\u00fcr\u00fclebilirlik Raporu,<br \/>\u00c7evresel (Environmental),<br \/>Sosyal (Social)<br \/>ve Y\u00f6neti\u015fim (Governance)<br \/>alanlar\u0131nda ger\u00e7ekle\u015ftirdi\u011fimiz \u00e7al\u0131\u015fmalar\u0131, performans g\u00f6stergelerimizi ve gelece\u011fe y\u00f6nelik taahh\u00fctlerimizi kapsaml\u0131 bir \u015fekilde ortaya koymaktad\u0131r.<\/p><p>Raporumuzda;<\/p><p>Enerji ve kaynak verimlili\u011fi uygulamalar\u0131m\u0131z, karbon ayak izimizi azaltmaya y\u00f6nelik projelerimiz,<\/p><p>\u00c7al\u0131\u015fan haklar\u0131, i\u015f sa\u011fl\u0131\u011f\u0131 ve g\u00fcvenli\u011fi, kapsay\u0131c\u0131 \u00e7al\u0131\u015fma k\u00fclt\u00fcr\u00fc ve toplumsal katk\u0131 faaliyetlerimiz,<\/p><p>Etik i\u015f anlay\u0131\u015f\u0131m\u0131z, uyum s\u00fcre\u00e7lerimiz ve \u015feffaf kurumsal y\u00f6netim yap\u0131m\u0131z<\/p><p>gibi temel ESG unsurlar\u0131na ili\u015fkin somut ad\u0131mlar\u0131m\u0131z\u0131 \u015feffafl\u0131k ilkesiyle payla\u015fmaktay\u0131z.<\/p><p>S\u00fcrd\u00fcr\u00fclebilir b\u00fcy\u00fcmeyi destekleyen bu yakla\u015f\u0131m, yaln\u0131zca bug\u00fcn i\u00e7in de\u011fil; payda\u015flar\u0131m\u0131z, toplum ve gelecek nesiller i\u00e7in daha g\u00fc\u00e7l\u00fc ve sorumlu bir i\u015fletme modeli olu\u015fturma kararl\u0131l\u0131\u011f\u0131m\u0131z\u0131 yans\u0131tmaktad\u0131r.<\/p><p>S\u00fcrd\u00fcr\u00fclebilirlik yolculu\u011fumuzda, t\u00fcm payda\u015flar\u0131m\u0131zla birlikte daha etkili, daha g\u00fc\u00e7l\u00fc ve daha duyarl\u0131 bir gelecek in\u015fa etmeyi\u00a0hedefliyoruz.<\/p><p><a href=\"https:\/\/guleks.com\/wp-content\/uploads\/2025\/12\/guleks_surdurulebilirlik_raporu.pdf\" target=\"_blank\" rel=\"noopener\">RAPORU G\u00d6R\u00dcNT\u00dcLEMEK \u0130\u00c7\u0130N TIKLAYINIZ.<\/a><\/p>\t\t\t\t\t\t<\/div>\n\t\t\t\t<\/div>\n\t\t\t\t<\/div>\n\t\t\t\t<\/div>\n\t\t<div class=\"elementor-element elementor-element-b128242 e-con-full e-flex e-con e-child\" data-id=\"b128242\" data-element_type=\"container\" data-settings=\"{&quot;ekit_has_onepagescroll_dot&quot;:&quot;yes&quot;}\">\n\t\t<div class=\"elementor-element elementor-element-7990695 e-con-full restir e-flex e-con e-child\" data-id=\"7990695\" data-element_type=\"container\" data-settings=\"{&quot;ekit_has_onepagescroll_dot&quot;:&quot;yes&quot;}\">\n\t\t\t\t<div class=\"elementor-element elementor-element-32347ff res elementor-widget__width-initial elementor-widget elementor-widget-rhye-widget-parallax-background\" data-id=\"32347ff\" data-element_type=\"widget\" data-settings=\"{&quot;ekit_we_effect_on&quot;:&quot;none&quot;}\" data-widget_type=\"rhye-widget-parallax-background.default\">\n\t\t\t\t<div class=\"elementor-widget-container\">\n\t\t\t\n\t\t\t\t\t\t\t\t\t\t\t\t\t\t<div class=\"section section-image section text-center\" data-arts-os-animation=true>\n\t\t\t\t\t\t\t\t\t\t\t\t\t\t<div class=\"section-image__wrapper mask-reveal lazy\"  style=\"padding-bottom: calc( (1024 \/ 724) * 100% ); height: 0;\">\n\t\t\t\t\t\t\t\t\t\t\t\t\t<div class=\"mask-reveal__layer mask-reveal__layer-1\">\n\t\t\t\t\t\t<div class=\"mask-reveal__layer mask-reveal__layer-2\">\n\t\t\t\t\t\t\t\t\t\t\t\t\t\t\t\t\t\t<img fetchpriority=\"high\" decoding=\"async\" class=\"\" src=\"data:image\/png;base64,iVBORw0KGgoAAAANSUhEUgAAAAEAAAABCAQAAAHCGzyUAAAABGdBTUEAALGPC\/xhBQAAADhlWElmTU0AKgAAAAgAAYdpAAQAAAABAAAAGgAAAAAAAqACAAQAAAABAAAAAaADAAQAAAABAAAAAQAAAADa6r\/EAAAAC0lEQVQI12NolQQAASYAn89qhTcAAAAASUVORK5CYII=\" data-src=\"https:\/\/guleks.com\/wp-content\/uploads\/2025\/12\/surdurulebilirlik_raporu_sayfa1-724x1024.jpg\" width=\"724\" height=\"1024\"  data-srcset=\"https:\/\/guleks.com\/wp-content\/uploads\/2025\/12\/surdurulebilirlik_raporu_sayfa1-724x1024.jpg 724w, https:\/\/guleks.com\/wp-content\/uploads\/2025\/12\/surdurulebilirlik_raporu_sayfa1-212x300.jpg 212w, https:\/\/guleks.com\/wp-content\/uploads\/2025\/12\/surdurulebilirlik_raporu_sayfa1-768x1086.jpg 768w, https:\/\/guleks.com\/wp-content\/uploads\/2025\/12\/surdurulebilirlik_raporu_sayfa1.jpg 966w\"   data-sizes=\"(max-width: 724px) 100vw, 724px\"  alt=\"\"\/>\n\t\t\t\t\t\t\t\t\t\t\t\t\t\t\t\t\t\t\t\t\t\t\t\t\t\t\t\t\t\t\t\t\t\t<\/div>\n\t\t\t\t\t<\/div>\n\t\t\t\t\t\t\t\t<\/div>\n\t\t\t\t\t\t\t\t\t\t\t\t\t\t<\/div>\n\t\t\t\t\t\t\t\t\t\n\t\t\t\t<\/div>\n\t\t\t\t<\/div>\n\t\t\t\t<\/div>\n\t\t\t\t<\/div>\n\t\t\t\t<\/div>\n\t\t\t\t\t<\/div>\n\t\t\t\t<\/div>\n\t\t\t\t\t<\/div>\n\t\t\t\t<\/div>\n\t\t<div class=\"elementor-element elementor-element-5aa8e75 e-flex e-con-boxed e-con e-parent\" data-id=\"5aa8e75\" data-element_type=\"container\" data-settings=\"{&quot;ekit_has_onepagescroll_dot&quot;:&quot;yes&quot;}\">\n\t\t\t\t\t<div class=\"e-con-inner\">\n\t\t\t\t<div class=\"elementor-element elementor-element-7074798 elementor-widget elementor-widget-spacer\" data-id=\"7074798\" data-element_type=\"widget\" data-settings=\"{&quot;ekit_we_effect_on&quot;:&quot;none&quot;}\" data-widget_type=\"spacer.default\">\n\t\t\t\t<div class=\"elementor-widget-container\">\n\t\t\t<style>\/*! elementor - v3.22.0 - 26-06-2024 *\/\n.elementor-column .elementor-spacer-inner{height:var(--spacer-size)}.e-con{--container-widget-width:100%}.e-con-inner>.elementor-widget-spacer,.e-con>.elementor-widget-spacer{width:var(--container-widget-width,var(--spacer-size));--align-self:var(--container-widget-align-self,initial);--flex-shrink:0}.e-con-inner>.elementor-widget-spacer>.elementor-widget-container,.e-con>.elementor-widget-spacer>.elementor-widget-container{height:100%;width:100%}.e-con-inner>.elementor-widget-spacer>.elementor-widget-container>.elementor-spacer,.e-con>.elementor-widget-spacer>.elementor-widget-container>.elementor-spacer{height:100%}.e-con-inner>.elementor-widget-spacer>.elementor-widget-container>.elementor-spacer>.elementor-spacer-inner,.e-con>.elementor-widget-spacer>.elementor-widget-container>.elementor-spacer>.elementor-spacer-inner{height:var(--container-widget-height,var(--spacer-size))}.e-con-inner>.elementor-widget-spacer.elementor-widget-empty,.e-con>.elementor-widget-spacer.elementor-widget-empty{position:relative;min-height:22px;min-width:22px}.e-con-inner>.elementor-widget-spacer.elementor-widget-empty .elementor-widget-empty-icon,.e-con>.elementor-widget-spacer.elementor-widget-empty .elementor-widget-empty-icon{position:absolute;top:0;bottom:0;left:0;right:0;margin:auto;padding:0;width:22px;height:22px}<\/style>\t\t<div class=\"elementor-spacer\">\n\t\t\t<div class=\"elementor-spacer-inner\"><\/div>\n\t\t<\/div>\n\t\t\t\t<\/div>\n\t\t\t\t<\/div>\n\t\t\t\t<div class=\"elementor-element elementor-element-2a41f6f elementor-widget elementor-widget-heading\" data-id=\"2a41f6f\" data-element_type=\"widget\" data-settings=\"{&quot;ekit_we_effect_on&quot;:&quot;none&quot;}\" data-widget_type=\"heading.default\">\n\t\t\t\t<div class=\"elementor-widget-container\">\n\t\t\t<style>\/*! elementor - v3.22.0 - 26-06-2024 *\/\n.elementor-heading-title{padding:0;margin:0;line-height:1}.elementor-widget-heading .elementor-heading-title[class*=elementor-size-]>a{color:inherit;font-size:inherit;line-height:inherit}.elementor-widget-heading .elementor-heading-title.elementor-size-small{font-size:15px}.elementor-widget-heading .elementor-heading-title.elementor-size-medium{font-size:19px}.elementor-widget-heading .elementor-heading-title.elementor-size-large{font-size:29px}.elementor-widget-heading .elementor-heading-title.elementor-size-xl{font-size:39px}.elementor-widget-heading .elementor-heading-title.elementor-size-xxl{font-size:59px}<\/style><h2 class=\"elementor-heading-title elementor-size-default\">Sertifikalar\u0131m\u0131z<\/h2>\t\t<\/div>\n\t\t\t\t<\/div>\n\t\t\t\t<div class=\"elementor-element elementor-element-17efbf0 elementor-widget elementor-widget-image-carousel\" data-id=\"17efbf0\" data-element_type=\"widget\" data-settings=\"{&quot;slides_to_show&quot;:&quot;7&quot;,&quot;navigation&quot;:&quot;none&quot;,&quot;autoplay_speed&quot;:4000,&quot;lazyload&quot;:&quot;yes&quot;,&quot;autoplay&quot;:&quot;yes&quot;,&quot;infinite&quot;:&quot;yes&quot;,&quot;speed&quot;:500,&quot;ekit_we_effect_on&quot;:&quot;none&quot;}\" data-widget_type=\"image-carousel.default\">\n\t\t\t\t<div class=\"elementor-widget-container\">\n\t\t\t<style>\/*! elementor - v3.22.0 - 26-06-2024 *\/\n.elementor-widget-image-carousel .swiper,.elementor-widget-image-carousel .swiper-container{position:static}.elementor-widget-image-carousel .swiper-container .swiper-slide figure,.elementor-widget-image-carousel .swiper .swiper-slide figure{line-height:inherit}.elementor-widget-image-carousel .swiper-slide{text-align:center}.elementor-image-carousel-wrapper:not(.swiper-container-initialized):not(.swiper-initialized) .swiper-slide{max-width:calc(100% \/ var(--e-image-carousel-slides-to-show, 3))}<\/style>\t\t<div class=\"elementor-image-carousel-wrapper swiper\" dir=\"ltr\">\n\t\t\t<div class=\"elementor-image-carousel swiper-wrapper\" aria-live=\"off\">\n\t\t\t\t\t\t\t\t<div class=\"swiper-slide\" role=\"group\" aria-roledescription=\"slide\" aria-label=\"1 \/ 10\"><figure class=\"swiper-slide-inner\"><img class=\"swiper-slide-image swiper-lazy\" data-src=\"https:\/\/guleks.com\/wp-content\/uploads\/2025\/12\/surdurulebilirlik-color-e1765203574325.webp\" alt=\"surdurulebilirlik-color\" \/><div class=\"swiper-lazy-preloader\"><\/div><\/figure><\/div><div class=\"swiper-slide\" role=\"group\" aria-roledescription=\"slide\" aria-label=\"2 \/ 10\"><figure class=\"swiper-slide-inner\"><img class=\"swiper-slide-image swiper-lazy\" data-src=\"https:\/\/guleks.com\/wp-content\/uploads\/2024\/04\/image-43.png\" alt=\"image 43\" \/><div class=\"swiper-lazy-preloader\"><\/div><\/figure><\/div><div class=\"swiper-slide\" role=\"group\" aria-roledescription=\"slide\" aria-label=\"3 \/ 10\"><figure class=\"swiper-slide-inner\"><img class=\"swiper-slide-image swiper-lazy\" data-src=\"https:\/\/guleks.com\/wp-content\/uploads\/2024\/04\/image-38.png\" alt=\"image 38\" \/><div class=\"swiper-lazy-preloader\"><\/div><\/figure><\/div><div class=\"swiper-slide\" role=\"group\" aria-roledescription=\"slide\" aria-label=\"4 \/ 10\"><figure class=\"swiper-slide-inner\"><img class=\"swiper-slide-image swiper-lazy\" data-src=\"https:\/\/guleks.com\/wp-content\/uploads\/2024\/04\/image-39.png\" alt=\"image 39\" \/><div class=\"swiper-lazy-preloader\"><\/div><\/figure><\/div><div class=\"swiper-slide\" role=\"group\" aria-roledescription=\"slide\" aria-label=\"5 \/ 10\"><figure class=\"swiper-slide-inner\"><img class=\"swiper-slide-image swiper-lazy\" data-src=\"https:\/\/guleks.com\/wp-content\/uploads\/2024\/04\/image-40.png\" alt=\"image 40\" \/><div class=\"swiper-lazy-preloader\"><\/div><\/figure><\/div><div class=\"swiper-slide\" role=\"group\" aria-roledescription=\"slide\" aria-label=\"6 \/ 10\"><figure class=\"swiper-slide-inner\"><img class=\"swiper-slide-image swiper-lazy\" data-src=\"https:\/\/guleks.com\/wp-content\/uploads\/2024\/04\/image-41.png\" alt=\"image 41\" \/><div class=\"swiper-lazy-preloader\"><\/div><\/figure><\/div><div class=\"swiper-slide\" role=\"group\" aria-roledescription=\"slide\" aria-label=\"7 \/ 10\"><figure class=\"swiper-slide-inner\"><img class=\"swiper-slide-image swiper-lazy\" data-src=\"https:\/\/guleks.com\/wp-content\/uploads\/2024\/11\/su-ayak-izi-021.png\" alt=\"su ayak izi-021\" \/><div class=\"swiper-lazy-preloader\"><\/div><\/figure><\/div><div class=\"swiper-slide\" role=\"group\" aria-roledescription=\"slide\" aria-label=\"8 \/ 10\"><figure class=\"swiper-slide-inner\"><img class=\"swiper-slide-image swiper-lazy\" data-src=\"https:\/\/guleks.com\/wp-content\/uploads\/2024\/05\/s1.png\" alt=\"s1\" \/><div class=\"swiper-lazy-preloader\"><\/div><\/figure><\/div><div class=\"swiper-slide\" role=\"group\" aria-roledescription=\"slide\" aria-label=\"9 \/ 10\"><figure class=\"swiper-slide-inner\"><img class=\"swiper-slide-image swiper-lazy\" data-src=\"https:\/\/guleks.com\/wp-content\/uploads\/2024\/11\/su-ayak-izi-202.png\" alt=\"su ayak izi-202\" \/><div class=\"swiper-lazy-preloader\"><\/div><\/figure><\/div><div class=\"swiper-slide\" role=\"group\" aria-roledescription=\"slide\" aria-label=\"10 \/ 10\"><figure class=\"swiper-slide-inner\"><img class=\"swiper-slide-image swiper-lazy\" data-src=\"https:\/\/guleks.com\/wp-content\/uploads\/2025\/12\/Inditex_log4.webp\" alt=\"Inditex_log4\" \/><div class=\"swiper-lazy-preloader\"><\/div><\/figure><\/div>\t\t\t<\/div>\n\t\t\t\t\t\t\t\n\t\t\t\t\t\t\t\t\t<\/div>\n\t\t\t\t<\/div>\n\t\t\t\t<\/div>\n\t\t\t\t\t<\/div>\n\t\t\t\t<\/div>\n\t\t\t\t<\/div>\n\t\t","protected":false},"excerpt":{"rendered":"<p>2024 S\u00fcrd\u00fcr\u00fclebilirlik Raporumuz G\u00fcleks olarak i\u015fimizi; \u00e7evresel sorumluluk, sosyal etki ve g\u00fc\u00e7l\u00fc kurumsal y\u00f6netim ilkelerini b\u00fct\u00fcnle\u015ftiren bir yakla\u015f\u0131m ile \u015fekillendiriyoruz. Uzun vadeli de\u011fer yaratmay\u0131 hedefleyen s\u00fcrd\u00fcr\u00fclebilirlik stratejimiz, \u015firketimizin t\u00fcm operasyonlar\u0131na y\u00f6n veren temel bir yol haritas\u0131d\u0131r. Haz\u0131rlam\u0131\u015f oldu\u011fumuz 2024 y\u0131l\u0131 S\u00fcrd\u00fcr\u00fclebilirlik Raporu,\u00c7evresel (Environmental),Sosyal (Social)ve Y\u00f6neti\u015fim (Governance)alanlar\u0131nda ger\u00e7ekle\u015ftirdi\u011fimiz \u00e7al\u0131\u015fmalar\u0131, performans g\u00f6stergelerimizi ve gelece\u011fe y\u00f6nelik taahh\u00fctlerimizi kapsaml\u0131 [&hellip;]<\/p>\n","protected":false},"author":1,"featured_media":0,"parent":0,"menu_order":0,"comment_status":"closed","ping_status":"closed","template":"elementor_header_footer","meta":{"_acf_changed":false,"footnotes":""},"class_list":["post-4932","page","type-page","status-publish","hentry"],"acf":[],"_links":{"self":[{"href":"https:\/\/guleks.com\/tr\/wp-json\/wp\/v2\/pages\/4932","targetHints":{"allow":["GET"]}}],"collection":[{"href":"https:\/\/guleks.com\/tr\/wp-json\/wp\/v2\/pages"}],"about":[{"href":"https:\/\/guleks.com\/tr\/wp-json\/wp\/v2\/types\/page"}],"author":[{"embeddable":true,"href":"https:\/\/guleks.com\/tr\/wp-json\/wp\/v2\/users\/1"}],"replies":[{"embeddable":true,"href":"https:\/\/guleks.com\/tr\/wp-json\/wp\/v2\/comments?post=4932"}],"version-history":[{"count":108,"href":"https:\/\/guleks.com\/tr\/wp-json\/wp\/v2\/pages\/4932\/revisions"}],"predecessor-version":[{"id":5056,"href":"https:\/\/guleks.com\/tr\/wp-json\/wp\/v2\/pages\/4932\/revisions\/5056"}],"wp:attachment":[{"href":"https:\/\/guleks.com\/tr\/wp-json\/wp\/v2\/media?parent=4932"}],"curies":[{"name":"wp","href":"https:\/\/api.w.org\/{rel}","templated":true}]}}