{"id":51,"date":"2024-04-02T10:11:02","date_gmt":"2024-04-02T07:11:02","guid":{"rendered":"https:\/\/guleks.com\/?page_id=51"},"modified":"2025-09-15T16:32:35","modified_gmt":"2025-09-15T13:32:35","slug":"kariyer","status":"publish","type":"page","link":"https:\/\/guleks.com\/tr\/kariyer\/","title":{"rendered":"Kariyer"},"content":{"rendered":"\t\t<div data-elementor-type=\"wp-page\" data-elementor-id=\"51\" class=\"elementor elementor-51\" data-elementor-post-type=\"page\">\n\t\t\t\t<div class=\"elementor-element elementor-element-c8aa6f7 e-flex e-con-boxed e-con e-parent\" data-id=\"c8aa6f7\" data-element_type=\"container\" data-settings=\"{&quot;ekit_has_onepagescroll_dot&quot;:&quot;yes&quot;}\">\n\t\t\t\t\t<div class=\"e-con-inner\">\n\t\t<div class=\"elementor-element elementor-element-7c1b88d e-con-full e-flex e-con e-child\" data-id=\"7c1b88d\" data-element_type=\"container\" data-settings=\"{&quot;ekit_has_onepagescroll_dot&quot;:&quot;yes&quot;}\">\n\t\t<div class=\"elementor-element elementor-element-3d73ee1 e-con-full e-flex e-con e-child\" data-id=\"3d73ee1\" data-element_type=\"container\" data-settings=\"{&quot;ekit_has_onepagescroll_dot&quot;:&quot;yes&quot;}\">\n\t\t\t\t<div class=\"elementor-element elementor-element-4b36f94 elementor-widget elementor-widget-heading\" data-id=\"4b36f94\" data-element_type=\"widget\" data-settings=\"{&quot;ekit_we_effect_on&quot;:&quot;none&quot;}\" data-widget_type=\"heading.default\">\n\t\t\t\t<div class=\"elementor-widget-container\">\n\t\t\t<style>\/*! elementor - v3.22.0 - 26-06-2024 *\/\n.elementor-heading-title{padding:0;margin:0;line-height:1}.elementor-widget-heading .elementor-heading-title[class*=elementor-size-]>a{color:inherit;font-size:inherit;line-height:inherit}.elementor-widget-heading .elementor-heading-title.elementor-size-small{font-size:15px}.elementor-widget-heading .elementor-heading-title.elementor-size-medium{font-size:19px}.elementor-widget-heading .elementor-heading-title.elementor-size-large{font-size:29px}.elementor-widget-heading .elementor-heading-title.elementor-size-xl{font-size:39px}.elementor-widget-heading .elementor-heading-title.elementor-size-xxl{font-size:59px}<\/style><h2 class=\"elementor-heading-title elementor-size-default\">Kendine Bir <br> \u015eans Tan\u0131!<\/h2>\t\t<\/div>\n\t\t\t\t<\/div>\n\t\t\t\t<div class=\"elementor-element elementor-element-fc0c0d9 elementor-widget elementor-widget-heading\" data-id=\"fc0c0d9\" data-element_type=\"widget\" data-settings=\"{&quot;ekit_we_effect_on&quot;:&quot;none&quot;}\" data-widget_type=\"heading.default\">\n\t\t\t\t<div class=\"elementor-widget-container\">\n\t\t\t<h2 class=\"elementor-heading-title elementor-size-default\">Ba\u015fvuru \u0130\u00e7in Formu Doldurunuz<\/h2>\t\t<\/div>\n\t\t\t\t<\/div>\n\t\t<div class=\"elementor-element elementor-element-94e05db e-con-full e-flex e-con e-child\" data-id=\"94e05db\" data-element_type=\"container\" data-settings=\"{&quot;ekit_has_onepagescroll_dot&quot;:&quot;yes&quot;}\">\n\t\t\t\t<div class=\"elementor-element elementor-element-7305ac5 elementor-widget elementor-widget-text-editor\" data-id=\"7305ac5\" data-element_type=\"widget\" data-settings=\"{&quot;ekit_we_effect_on&quot;:&quot;none&quot;}\" data-widget_type=\"text-editor.default\">\n\t\t\t\t<div class=\"elementor-widget-container\">\n\t\t\t<style>\/*! elementor - v3.22.0 - 26-06-2024 *\/\n.elementor-widget-text-editor.elementor-drop-cap-view-stacked .elementor-drop-cap{background-color:#69727d;color:#fff}.elementor-widget-text-editor.elementor-drop-cap-view-framed .elementor-drop-cap{color:#69727d;border:3px solid;background-color:transparent}.elementor-widget-text-editor:not(.elementor-drop-cap-view-default) .elementor-drop-cap{margin-top:8px}.elementor-widget-text-editor:not(.elementor-drop-cap-view-default) .elementor-drop-cap-letter{width:1em;height:1em}.elementor-widget-text-editor .elementor-drop-cap{float:left;text-align:center;line-height:1;font-size:50px}.elementor-widget-text-editor .elementor-drop-cap-letter{display:inline-block}<\/style>\t\t\t\t<a style=\"color: #000;\" href=\"tel:+90212422 2255\">Tel: +90 212 422 2255<\/a>\t\t\t\t\t\t<\/div>\n\t\t\t\t<\/div>\n\t\t\t\t<div class=\"elementor-element elementor-element-927261b elementor-widget elementor-widget-text-editor\" data-id=\"927261b\" data-element_type=\"widget\" data-settings=\"{&quot;ekit_we_effect_on&quot;:&quot;none&quot;}\" data-widget_type=\"text-editor.default\">\n\t\t\t\t<div class=\"elementor-widget-container\">\n\t\t\t\t\t\t\t<a style=\"color: #000;\" href=\"mailto:info@guleks.com\">info@guleks.com<\/a>\t\t\t\t\t\t<\/div>\n\t\t\t\t<\/div>\n\t\t\t\t<\/div>\n\t\t\t\t<div class=\"elementor-element elementor-element-4f48ed0 elementor-widget elementor-widget-heading\" data-id=\"4f48ed0\" data-element_type=\"widget\" data-settings=\"{&quot;ekit_we_effect_on&quot;:&quot;none&quot;}\" data-widget_type=\"heading.default\">\n\t\t\t\t<div class=\"elementor-widget-container\">\n\t\t\t<h2 class=\"elementor-heading-title elementor-size-default\">Cihangir Mah. Petrol Ofisi Cad.<br>\nNo:10 34310 Avc\u0131lar<br>\n\u0130stanbul \/ T\u00fcrkiye<\/h2>\t\t<\/div>\n\t\t\t\t<\/div>\n\t\t\t\t<\/div>\n\t\t<div class=\"elementor-element elementor-element-fc75fe1 e-con-full e-flex e-con e-child\" data-id=\"fc75fe1\" data-element_type=\"container\" data-settings=\"{&quot;ekit_has_onepagescroll_dot&quot;:&quot;yes&quot;}\">\n\t\t\t\t<div class=\"elementor-element elementor-element-f63ffd1 elementor-button-align-start elementor-widget elementor-widget-form\" data-id=\"f63ffd1\" data-element_type=\"widget\" data-settings=\"{&quot;step_next_label&quot;:&quot;Next&quot;,&quot;step_previous_label&quot;:&quot;Previous&quot;,&quot;button_width&quot;:&quot;100&quot;,&quot;step_type&quot;:&quot;number_text&quot;,&quot;step_icon_shape&quot;:&quot;circle&quot;,&quot;ekit_we_effect_on&quot;:&quot;none&quot;}\" data-widget_type=\"form.default\">\n\t\t\t\t<div class=\"elementor-widget-container\">\n\t\t\t<style>\/*! elementor-pro - v3.20.0 - 26-03-2024 *\/\n.elementor-button.elementor-hidden,.elementor-hidden{display:none}.e-form__step{width:100%}.e-form__step:not(.elementor-hidden){display:flex;flex-wrap:wrap}.e-form__buttons{flex-wrap:wrap}.e-form__buttons,.e-form__buttons__wrapper{display:flex}.e-form__indicators{display:flex;justify-content:space-between;align-items:center;flex-wrap:nowrap;font-size:13px;margin-bottom:var(--e-form-steps-indicators-spacing)}.e-form__indicators__indicator{display:flex;flex-direction:column;align-items:center;justify-content:center;flex-basis:0;padding:0 var(--e-form-steps-divider-gap)}.e-form__indicators__indicator__progress{width:100%;position:relative;background-color:var(--e-form-steps-indicator-progress-background-color);border-radius:var(--e-form-steps-indicator-progress-border-radius);overflow:hidden}.e-form__indicators__indicator__progress__meter{width:var(--e-form-steps-indicator-progress-meter-width,0);height:var(--e-form-steps-indicator-progress-height);line-height:var(--e-form-steps-indicator-progress-height);padding-right:15px;border-radius:var(--e-form-steps-indicator-progress-border-radius);background-color:var(--e-form-steps-indicator-progress-color);color:var(--e-form-steps-indicator-progress-meter-color);text-align:right;transition:width .1s linear}.e-form__indicators__indicator:first-child{padding-left:0}.e-form__indicators__indicator:last-child{padding-right:0}.e-form__indicators__indicator--state-inactive{color:var(--e-form-steps-indicator-inactive-primary-color,#c2cbd2)}.e-form__indicators__indicator--state-inactive [class*=indicator--shape-]:not(.e-form__indicators__indicator--shape-none){background-color:var(--e-form-steps-indicator-inactive-secondary-color,#fff)}.e-form__indicators__indicator--state-inactive object,.e-form__indicators__indicator--state-inactive svg{fill:var(--e-form-steps-indicator-inactive-primary-color,#c2cbd2)}.e-form__indicators__indicator--state-active{color:var(--e-form-steps-indicator-active-primary-color,#39b54a);border-color:var(--e-form-steps-indicator-active-secondary-color,#fff)}.e-form__indicators__indicator--state-active [class*=indicator--shape-]:not(.e-form__indicators__indicator--shape-none){background-color:var(--e-form-steps-indicator-active-secondary-color,#fff)}.e-form__indicators__indicator--state-active object,.e-form__indicators__indicator--state-active svg{fill:var(--e-form-steps-indicator-active-primary-color,#39b54a)}.e-form__indicators__indicator--state-completed{color:var(--e-form-steps-indicator-completed-secondary-color,#fff)}.e-form__indicators__indicator--state-completed [class*=indicator--shape-]:not(.e-form__indicators__indicator--shape-none){background-color:var(--e-form-steps-indicator-completed-primary-color,#39b54a)}.e-form__indicators__indicator--state-completed .e-form__indicators__indicator__label{color:var(--e-form-steps-indicator-completed-primary-color,#39b54a)}.e-form__indicators__indicator--state-completed .e-form__indicators__indicator--shape-none{color:var(--e-form-steps-indicator-completed-primary-color,#39b54a);background-color:initial}.e-form__indicators__indicator--state-completed object,.e-form__indicators__indicator--state-completed svg{fill:var(--e-form-steps-indicator-completed-secondary-color,#fff)}.e-form__indicators__indicator__icon{width:var(--e-form-steps-indicator-padding,30px);height:var(--e-form-steps-indicator-padding,30px);font-size:var(--e-form-steps-indicator-icon-size);border-width:1px;border-style:solid;display:flex;justify-content:center;align-items:center;overflow:hidden;margin-bottom:10px}.e-form__indicators__indicator__icon img,.e-form__indicators__indicator__icon object,.e-form__indicators__indicator__icon svg{width:var(--e-form-steps-indicator-icon-size);height:auto}.e-form__indicators__indicator__icon .e-font-icon-svg{height:1em}.e-form__indicators__indicator__number{width:var(--e-form-steps-indicator-padding,30px);height:var(--e-form-steps-indicator-padding,30px);border-width:1px;border-style:solid;display:flex;justify-content:center;align-items:center;margin-bottom:10px}.e-form__indicators__indicator--shape-circle{border-radius:50%}.e-form__indicators__indicator--shape-square{border-radius:0}.e-form__indicators__indicator--shape-rounded{border-radius:5px}.e-form__indicators__indicator--shape-none{border:0}.e-form__indicators__indicator__label{text-align:center}.e-form__indicators__indicator__separator{width:100%;height:var(--e-form-steps-divider-width);background-color:#babfc5}.e-form__indicators--type-icon,.e-form__indicators--type-icon_text,.e-form__indicators--type-number,.e-form__indicators--type-number_text{align-items:flex-start}.e-form__indicators--type-icon .e-form__indicators__indicator__separator,.e-form__indicators--type-icon_text .e-form__indicators__indicator__separator,.e-form__indicators--type-number .e-form__indicators__indicator__separator,.e-form__indicators--type-number_text .e-form__indicators__indicator__separator{margin-top:calc(var(--e-form-steps-indicator-padding, 30px) \/ 2 - var(--e-form-steps-divider-width, 1px) \/ 2)}.elementor-field-type-hidden{display:none}.elementor-field-type-html{display:inline-block}.elementor-field-type-tel input{direction:inherit}.elementor-login .elementor-lost-password,.elementor-login .elementor-remember-me{font-size:.85em}.elementor-field-type-recaptcha_v3 .elementor-field-label{display:none}.elementor-field-type-recaptcha_v3 .grecaptcha-badge{z-index:1}.elementor-button .elementor-form-spinner{order:3}.elementor-form .elementor-button>span{display:flex;justify-content:center;align-items:center}.elementor-form .elementor-button .elementor-button-text{white-space:normal;flex-grow:0}.elementor-form .elementor-button svg{height:auto}.elementor-form .elementor-button .e-font-icon-svg{height:1em}.elementor-select-wrapper .select-caret-down-wrapper{position:absolute;top:50%;transform:translateY(-50%);inset-inline-end:10px;pointer-events:none;font-size:11px}.elementor-select-wrapper .select-caret-down-wrapper svg{display:unset;width:1em;aspect-ratio:unset;fill:currentColor}.elementor-select-wrapper .select-caret-down-wrapper i{font-size:19px;line-height:2}.elementor-select-wrapper.remove-before:before{content:\"\"!important}<\/style>\t\t<form class=\"elementor-form\" method=\"post\" name=\"New Form\">\n\t\t\t<input type=\"hidden\" name=\"post_id\" value=\"51\"\/>\n\t\t\t<input type=\"hidden\" name=\"form_id\" value=\"f63ffd1\"\/>\n\t\t\t<input type=\"hidden\" name=\"referer_title\" value=\"\" \/>\n\n\t\t\t\n\t\t\t<div class=\"elementor-form-fields-wrapper elementor-labels-\">\n\t\t\t\t\t\t\t\t<div class=\"elementor-field-type-text elementor-field-group elementor-column elementor-field-group-name elementor-col-100 elementor-field-required\">\n\t\t\t\t\t\t\t\t\t\t\t\t<label for=\"form-field-name\" class=\"elementor-field-label elementor-screen-only\">\n\t\t\t\t\t\t\t\tAd\u0131 Soyad\u0131\t\t\t\t\t\t\t<\/label>\n\t\t\t\t\t\t\t\t\t\t\t\t\t\t<input size=\"1\" type=\"text\" name=\"form_fields[name]\" id=\"form-field-name\" class=\"elementor-field elementor-size-sm  elementor-field-textual\" placeholder=\"Ad\u0131 Soyad\u0131\" required=\"required\" aria-required=\"true\">\n\t\t\t\t\t\t\t\t\t\t\t<\/div>\n\t\t\t\t\t\t\t\t<div class=\"elementor-field-type-email elementor-field-group elementor-column elementor-field-group-email elementor-col-50 elementor-field-required\">\n\t\t\t\t\t\t\t\t\t\t\t\t<label for=\"form-field-email\" class=\"elementor-field-label elementor-screen-only\">\n\t\t\t\t\t\t\t\tE-posta\t\t\t\t\t\t\t<\/label>\n\t\t\t\t\t\t\t\t\t\t\t\t\t\t<input size=\"1\" type=\"email\" name=\"form_fields[email]\" id=\"form-field-email\" class=\"elementor-field elementor-size-sm  elementor-field-textual\" placeholder=\"E-posta\" required=\"required\" aria-required=\"true\">\n\t\t\t\t\t\t\t\t\t\t\t<\/div>\n\t\t\t\t\t\t\t\t<div class=\"elementor-field-type-email elementor-field-group elementor-column elementor-field-group-field_0b07397 elementor-col-50 elementor-field-required\">\n\t\t\t\t\t\t\t\t\t\t\t\t<label for=\"form-field-field_0b07397\" class=\"elementor-field-label elementor-screen-only\">\n\t\t\t\t\t\t\t\tTelefon Numaras\u0131\t\t\t\t\t\t\t<\/label>\n\t\t\t\t\t\t\t\t\t\t\t\t\t\t<input size=\"1\" type=\"email\" name=\"form_fields[field_0b07397]\" id=\"form-field-field_0b07397\" class=\"elementor-field elementor-size-sm  elementor-field-textual\" placeholder=\"Telefon Numaras\u0131\" required=\"required\" aria-required=\"true\">\n\t\t\t\t\t\t\t\t\t\t\t<\/div>\n\t\t\t\t\t\t\t\t<div class=\"elementor-field-type-textarea elementor-field-group elementor-column elementor-field-group-field_4f45636 elementor-col-100\">\n\t\t\t\t\t\t\t\t\t\t\t\t<label for=\"form-field-field_4f45636\" class=\"elementor-field-label elementor-screen-only\">\n\t\t\t\t\t\t\t\tMesaj\t\t\t\t\t\t\t<\/label>\n\t\t\t\t\t\t<textarea class=\"elementor-field-textual elementor-field  elementor-size-sm\" name=\"form_fields[field_4f45636]\" id=\"form-field-field_4f45636\" rows=\"4\" placeholder=\"Mesaj\"><\/textarea>\t\t\t\t<\/div>\n\t\t\t\t\t\t\t\t<div class=\"elementor-field-type-upload elementor-field-group elementor-column elementor-field-group-field_7a28fe8 elementor-col-100\">\n\t\t\t\t\t\t\t\t\t\t\t\t<label for=\"form-field-field_7a28fe8\" class=\"elementor-field-label elementor-screen-only\">\n\t\t\t\t\t\t\t\tCV \t\t\t\t\t\t\t<\/label>\n\t\t\t\t\t\t\t\t<input type=\"file\" name=\"form_fields[field_7a28fe8]\" id=\"form-field-field_7a28fe8\" class=\"elementor-field elementor-size-sm  elementor-upload-field\">\n\n\t\t\t\t\t\t<\/div>\n\t\t\t\t\t\t\t\t<div class=\"elementor-field-type-text\">\n\t\t\t\t\t<input size=\"1\" type=\"text\" name=\"form_fields[field_bb27fa2]\" id=\"form-field-field_bb27fa2\" class=\"elementor-field elementor-size-sm \" style=\"display:none !important;\">\t\t\t\t<\/div>\n\t\t\t\t\t\t\t\t<div class=\"elementor-field-type-acceptance elementor-field-group elementor-column elementor-field-group-field_d982a33 elementor-col-100\">\n\t\t\t\t\t\t\t<div class=\"elementor-field-subgroup\">\n\t\t\t<span class=\"elementor-field-option\">\n\t\t\t\t<input type=\"checkbox\" name=\"form_fields[field_d982a33]\" id=\"form-field-field_d982a33\" class=\"elementor-field elementor-size-sm  elementor-acceptance-field\">\n\t\t\t\t<label for=\"form-field-field_d982a33\">Bu dijital forma girmi\u015f oldu\u011fum bilgilerin do\u011fru oldu\u011funu, gerekirse<strong> <a href=\"https:\/\/guleks.com\/stajyer-aydinlatma-metni\/\" target=\"blank\" rel=\"nofollow\">KVKK<\/a><\/strong> kapsam\u0131nda ileti\u015fim ama\u00e7l\u0131 kullan\u0131labilece\u011fini biliyorum ve onayl\u0131yorum<\/label>\t\t\t<\/span>\n\t\t<\/div>\n\t\t\t\t\t\t<\/div>\n\t\t\t\t\t\t\t\t<div class=\"elementor-field-group elementor-column elementor-field-type-submit elementor-col-100 e-form__buttons\">\n\t\t\t\t\t<button type=\"submit\" class=\"elementor-button elementor-size-sm\">\n\t\t\t\t\t\t<span >\n\t\t\t\t\t\t\t\t\t\t\t\t\t\t\t<span class=\" elementor-button-icon\">\n\t\t\t\t\t\t\t\t\t\t\t\t\t\t\t\t\t\t\t\t\t\t\t\t\t\t<\/span>\n\t\t\t\t\t\t\t\t\t\t\t\t\t\t\t\t\t\t\t\t\t\t<span class=\"elementor-button-text\">BA\u015eVUR<\/span>\n\t\t\t\t\t\t\t\t\t\t\t\t\t<\/span>\n\t\t\t\t\t<\/button>\n\t\t\t\t<\/div>\n\t\t\t<\/div>\n\t\t<\/form>\n\t\t\t\t<\/div>\n\t\t\t\t<\/div>\n\t\t\t\t<\/div>\n\t\t\t\t<\/div>\n\t\t<div class=\"elementor-element elementor-element-030073e e-con-full e-flex e-con e-child\" data-id=\"030073e\" data-element_type=\"container\" data-settings=\"{&quot;ekit_has_onepagescroll_dot&quot;:&quot;yes&quot;}\">\n\t\t\t\t<div class=\"elementor-element elementor-element-e599860 res elementor-widget elementor-widget-rhye-widget-parallax-background\" data-id=\"e599860\" data-element_type=\"widget\" data-settings=\"{&quot;ekit_we_effect_on&quot;:&quot;none&quot;}\" data-widget_type=\"rhye-widget-parallax-background.default\">\n\t\t\t\t<div class=\"elementor-widget-container\">\n\t\t\t\n\t\t\t\t\t\t\t\t\t\t\t\t\t\t<div class=\"section section-image section text-center\" data-arts-os-animation=true>\n\t\t\t\t\t\t\t\t\t\t\t\t\t\t<div class=\"section-image__wrapper mask-reveal lazy\"  style=\"padding-bottom: calc( (744 \/ 1656) * 100% ); height: 0;\">\n\t\t\t\t\t\t\t\t\t\t\t\t\t<div class=\"mask-reveal__layer mask-reveal__layer-1\">\n\t\t\t\t\t\t<div class=\"mask-reveal__layer mask-reveal__layer-2\">\n\t\t\t\t\t\t\t\t\t\t\t\t\t\t\t\t\t\t<img fetchpriority=\"high\" decoding=\"async\" class=\"\" src=\"data:image\/png;base64,iVBORw0KGgoAAAANSUhEUgAAAAEAAAABCAQAAAHCGzyUAAAABGdBTUEAALGPC\/xhBQAAADhlWElmTU0AKgAAAAgAAYdpAAQAAAABAAAAGgAAAAAAAqACAAQAAAABAAAAAaADAAQAAAABAAAAAQAAAADa6r\/EAAAAC0lEQVQI12NolQQAASYAn89qhTcAAAAASUVORK5CYII=\" data-src=\"https:\/\/guleks.com\/wp-content\/uploads\/2024\/08\/KARIYER.png\" width=\"1656\" height=\"744\"  data-srcset=\"https:\/\/guleks.com\/wp-content\/uploads\/2024\/08\/KARIYER.png 1656w, https:\/\/guleks.com\/wp-content\/uploads\/2024\/08\/KARIYER-300x135.png 300w, https:\/\/guleks.com\/wp-content\/uploads\/2024\/08\/KARIYER-1024x460.png 1024w, https:\/\/guleks.com\/wp-content\/uploads\/2024\/08\/KARIYER-768x345.png 768w, https:\/\/guleks.com\/wp-content\/uploads\/2024\/08\/KARIYER-1536x690.png 1536w\"   data-sizes=\"(max-width: 1656px) 100vw, 1656px\"  alt=\"\"\/>\n\t\t\t\t\t\t\t\t\t\t\t\t\t\t\t\t\t\t\t\t\t\t\t\t\t\t\t\t\t\t\t\t\t\t<\/div>\n\t\t\t\t\t<\/div>\n\t\t\t\t\t\t\t\t<\/div>\n\t\t\t\t\t\t\t\t\t\t\t\t\t\t<\/div>\n\t\t\t\t\t\t\t\t\t\n\t\t\t\t<\/div>\n\t\t\t\t<\/div>\n\t\t\t\t<\/div>\n\t\t\t\t\t<\/div>\n\t\t\t\t<\/div>\n\t\t<div class=\"elementor-element elementor-element-b9dac2e e-flex e-con-boxed e-con e-parent\" data-id=\"b9dac2e\" data-element_type=\"container\" data-settings=\"{&quot;background_background&quot;:&quot;classic&quot;,&quot;ekit_has_onepagescroll_dot&quot;:&quot;yes&quot;}\">\n\t\t\t\t\t<div class=\"e-con-inner\">\n\t\t<div class=\"elementor-element elementor-element-43e031a e-flex e-con-boxed e-con e-child\" data-id=\"43e031a\" data-element_type=\"container\" data-settings=\"{&quot;ekit_has_onepagescroll_dot&quot;:&quot;yes&quot;}\">\n\t\t\t\t\t<div class=\"e-con-inner\">\n\t\t\t\t<div class=\"elementor-element elementor-element-074dcf8 elementor-widget elementor-widget-heading\" data-id=\"074dcf8\" data-element_type=\"widget\" data-settings=\"{&quot;ekit_we_effect_on&quot;:&quot;none&quot;}\" data-widget_type=\"heading.default\">\n\t\t\t\t<div class=\"elementor-widget-container\">\n\t\t\t<h2 class=\"elementor-heading-title elementor-size-default\">\u0130\u015fe Al\u0131m Politikam\u0131z<\/h2>\t\t<\/div>\n\t\t\t\t<\/div>\n\t\t\t\t<div class=\"elementor-element elementor-element-375aa75 elementor-widget elementor-widget-rhye-widget-content-block\" data-id=\"375aa75\" data-element_type=\"widget\" data-settings=\"{&quot;ekit_we_effect_on&quot;:&quot;none&quot;}\" data-widget_type=\"rhye-widget-content-block.default\">\n\t\t\t\t<div class=\"elementor-widget-container\">\n\t\t\t\n\t\t<div class=\"section section-content clearfix  \" data-arts-os-animation=\"true\">\n\t\t\t\t\t\t<div class=\"section-content__inner\">\n\t\t\t\t\t\t\t\t\t\t\t\t\t<div class=\"section-content__wrapper-content\">\n\t\t\t\t\t\t\t\t\t\t\t\t\t\t\t\t\t\t\t<div class=\"w-100\"><\/div>\n\t\t\t\t\t\t\t<div class=\"section-content__text split-text js-split-text\" data-split-text-type=\"lines\" data-split-text-set=\"lines\"><p>\u0130\u015fe al\u0131m politikas\u0131, G\u00fcleks firmas\u0131n\u0131n insan kaynaklar\u0131 s\u00fcre\u00e7lerini belirlemek ve y\u00f6netmek amac\u0131yla olu\u015fturulmu\u015f bir rehberdir. Bu politika, adaylar\u0131n do\u011fru se\u00e7ilmesi, adil de\u011ferlendirme s\u00fcre\u00e7leri, \u00e7e\u015fitlili\u011fe sayg\u0131, \u015feffafl\u0131k ve aday deneyiminin iyile\u015ftirilmesi gibi temel prensipleri kapsar. A\u015fa\u011f\u0131da, G\u00fcleks'in i\u015fe al\u0131m politikas\u0131n\u0131n ana maddeleri yer almaktad\u0131r:<\/p><p><strong><span style=\"background-color: transparent; color: var( --e-global-color-text ); font-family: 'PT Serif', serif; text-align: var(--text-align);\"> 1. Aday \u00c7e\u015fitlili\u011fi ve E\u015fitlik: <\/span><\/strong><\/p><ul><li><span style=\"background-color: transparent; color: var( --e-global-color-text ); font-family: 'PT Serif', Serif; font-weight: var( --e-global-typography-text-font-weight ); text-align: var(--text-align);\">G\u00fcleks, i\u015fe al\u0131m s\u00fcre\u00e7lerinde adaylar\u0131n cinsiyet, ya\u015f, \u0131rk, din, engellilik durumu veya di\u011fer herhangi bir ayr\u0131mc\u0131l\u0131k unsuru g\u00f6zetmeksizin de\u011ferlendirilmesine \u00f6nem verir.<\/span><\/li><li>\u0130\u015fe al\u0131m s\u00fcre\u00e7lerinde \u00e7e\u015fitli yeteneklere, deneyimlere ve bak\u0131\u015f a\u00e7\u0131lar\u0131na sahip adaylar\u0131 \u00e7ekmek ve desteklemek i\u00e7in \u00e7e\u015fitlilik stratejilerini benimser.<\/li><\/ul><div><strong><span style=\"background-color: transparent; color: var( --e-global-color-text ); font-family: 'PT Serif', serif; text-align: var(--text-align);\"> 2. Adil De\u011ferlendirme ve Se\u00e7im: <\/span><\/strong><\/div><ul><li>\u0130\u015fe al\u0131m s\u00fcre\u00e7lerinde adil bir de\u011ferlendirme yap\u0131lmas\u0131n\u0131 sa\u011flamak i\u00e7in standart ve \u015feffaf de\u011ferlendirme kriterleri belirlenir.<\/li><li>Adaylar\u0131n i\u015f gereksinimlerine uygunlu\u011fu, yetenekleri ve potansiyelleri dikkate al\u0131narak objektif de\u011ferlendirmeler yap\u0131l\u0131r.<\/li><\/ul><p><strong>3. \u0130nsan Kaynaklar\u0131 Planlamas\u0131:<\/strong><\/p><ul><li>G\u00fcleks, i\u015fe al\u0131m s\u00fcre\u00e7lerini \u015firketin stratejik hedefleri ve ihtiya\u00e7lar\u0131 do\u011frultusunda y\u00f6netir.<\/li><li>Gelecekteki i\u015f g\u00fcc\u00fc ihtiya\u00e7lar\u0131n\u0131 belirlemek i\u00e7in d\u00fczenli olarak insan kaynaklar\u0131 planlamas\u0131 yapar.<\/li><\/ul><p><strong>4. \u015eeffafl\u0131k ve \u0130leti\u015fim:<\/strong><\/p><ul><li>Adaylar, i\u015fe al\u0131m s\u00fcre\u00e7leri hakk\u0131nda \u015feffaf ve do\u011fru bilgilendirilir.<\/li><li>\u0130leti\u015fim kanallar\u0131 a\u00e7\u0131k tutularak adaylar\u0131n s\u00fcre\u00e7 hakk\u0131nda her zaman bilgi alabilmesi sa\u011flan\u0131r.<\/li><\/ul><p><strong>5. Aday Deneyimi:<\/strong><\/p><ul><li>\u0130\u015fe al\u0131m s\u00fcreci boyunca adaylara sayg\u0131l\u0131, profesyonel ve pozitif bir deneyim sunulmas\u0131na \u00f6zen g\u00f6sterilir.<\/li><li>Geri bildirimler de\u011ferlendirilerek s\u00fcrekli olarak aday deneyimini iyile\u015ftirmeye odaklan\u0131l\u0131r.<\/li><\/ul><p><strong>6. E\u011fitim ve Geli\u015fim:<\/strong><\/p><ul><li>\u0130\u015fe al\u0131m ekibi, s\u00fcrekli e\u011fitim ve geli\u015fim f\u0131rsatlar\u0131ndan yararlanarak g\u00fcncel trendlere ve en iyi uygulamalara hakim olur.<\/li><li>\u0130\u015fe al\u0131m s\u00fcre\u00e7lerini iyile\u015ftirmek ve adaylara daha etkili hizmet sunmak i\u00e7in d\u00fczenli olarak de\u011ferlendirme yap\u0131l\u0131r.<\/li><\/ul><\/div>\n\t\t\t\t\t\t\t\t\t\t\t<\/div>\n\t\t\t\t\t\t\t\t\t\t\t<\/div>\n\t\t\t\t\t\t\t\t\t\t\t\t\t\t<\/div>\n\n\t\t\t\t<\/div>\n\t\t\t\t<\/div>\n\t\t\t\t\t<\/div>\n\t\t\t\t<\/div>\n\t\t\t\t\t<\/div>\n\t\t\t\t<\/div>\n\t\t\t\t<\/div>\n\t\t","protected":false},"excerpt":{"rendered":"<p>Kendine Bir \u015eans Tan\u0131! Ba\u015fvuru \u0130\u00e7in Formu Doldurunuz Tel: +90 212 422 2255info@guleks.com Cihangir Mah. Petrol Ofisi Cad. No:10 34310 Avc\u0131lar \u0130stanbul \/ T\u00fcrkiye \u0130\u015fe Al\u0131m Politikam\u0131z \u0130\u015fe al\u0131m politikas\u0131, G\u00fcleks firmas\u0131n\u0131n insan kaynaklar\u0131 s\u00fcre\u00e7lerini belirlemek ve y\u00f6netmek amac\u0131yla olu\u015fturulmu\u015f bir rehberdir. Bu politika, adaylar\u0131n do\u011fru se\u00e7ilmesi, adil de\u011ferlendirme s\u00fcre\u00e7leri, \u00e7e\u015fitlili\u011fe sayg\u0131, \u015feffafl\u0131k ve aday [&hellip;]<\/p>\n","protected":false},"author":1,"featured_media":0,"parent":0,"menu_order":0,"comment_status":"closed","ping_status":"closed","template":"elementor_header_footer","meta":{"_acf_changed":false,"footnotes":""},"class_list":["post-51","page","type-page","status-publish","hentry"],"acf":[],"_links":{"self":[{"href":"https:\/\/guleks.com\/tr\/wp-json\/wp\/v2\/pages\/51","targetHints":{"allow":["GET"]}}],"collection":[{"href":"https:\/\/guleks.com\/tr\/wp-json\/wp\/v2\/pages"}],"about":[{"href":"https:\/\/guleks.com\/tr\/wp-json\/wp\/v2\/types\/page"}],"author":[{"embeddable":true,"href":"https:\/\/guleks.com\/tr\/wp-json\/wp\/v2\/users\/1"}],"replies":[{"embeddable":true,"href":"https:\/\/guleks.com\/tr\/wp-json\/wp\/v2\/comments?post=51"}],"version-history":[{"count":88,"href":"https:\/\/guleks.com\/tr\/wp-json\/wp\/v2\/pages\/51\/revisions"}],"predecessor-version":[{"id":4570,"href":"https:\/\/guleks.com\/tr\/wp-json\/wp\/v2\/pages\/51\/revisions\/4570"}],"wp:attachment":[{"href":"https:\/\/guleks.com\/tr\/wp-json\/wp\/v2\/media?parent=51"}],"curies":[{"name":"wp","href":"https:\/\/api.w.org\/{rel}","templated":true}]}}